{"id":1252,"date":"2021-12-22T16:19:10","date_gmt":"2021-12-22T16:19:10","guid":{"rendered":"https:\/\/villachandra.com\/?page_id=1252"},"modified":"2022-01-25T07:56:45","modified_gmt":"2022-01-25T07:56:45","slug":"location-chambre-biot-mapsa","status":"publish","type":"page","link":"https:\/\/villachandra.com\/en\/location-chambre-biot-mapsa\/","title":{"rendered":"MAPSA"},"content":{"rendered":"<h2>\n\t\t\tMAPSA,<br>emerald tones\n\t\t<\/h2>\n\t\t<h3>\n\t\t\tMAPSA Room\n\t\t<\/h3>\n\t\t\t<p>Cette chambre tr\u00e8s charmante est d\u00e9cor\u00e9e dans des tons \u00e9meraude. <br>Dans cette grande chambre mansard\u00e9e, vous trouverez un lit double king size ou 2 lits jumeaux, selon vos pr\u00e9f\u00e9rences.Cette chambre est \u00e9galement \u00e9quip\u00e9e d&rsquo;une armoire proven\u00e7ale, une chaise et une table romantique pour mettre votre ordinateur ou pour \u00e9crire votre correspondance. Depuis les deux fen\u00eatres, vous vous sentirez d\u00e9tendu avec de la verdure tout autour.&nbsp;<\/p>\t\t\n\t<ul>\n\t\t\t<li>\n\t\t\t\t1 double bed 160 cm or 2 twin beds\n\t\t\t<\/li>\n\t\t\t<li>\n\t\t\t\tPrivate bathroom\n\t\t\t<\/li>\n\t\t\t<li>\n\t\t\t\tAir conditioner\n\t\t\t<\/li>\n\t\t\t<li>\n\t\t\t\tFree wifi\n\t\t\t<\/li>\n\t\t<\/ul>\n\t<a href=\"https:\/\/villachandra.com\/en\/tarifs\/\" target=\"_self\" role=\"button\" aria-label=\"Book now\" rel=\"noopener\">\n\t\t\t\tBook now\n\t\t\t<\/a>\n\t\t\t\t\t\t\t\t<a href=\"https:\/\/villachandra.com\/wp-content\/uploads\/2021\/12\/Location-Villa-chandra-cote-azur-chambre-mapsa-01.jpg\" target=\"_self\" itemprop=\"url\" rel=\"noopener\">\n\t\t\t\t\t\t\t\t\t<img decoding=\"async\" src=\"https:\/\/villachandra.com\/wp-content\/uploads\/2021\/12\/Location-Villa-chandra-cote-azur-chambre-mapsa-01.jpg\" alt=\"Location-Villa-chandra-cote-azur-chambre-mapsa-01\" itemprop=\"image\">\n\t\t\t\t\t\t\t\t\t\t\t\t\t<\/a>\n\t\t\t\t\t\t\t\t<a href=\"https:\/\/villachandra.com\/wp-content\/uploads\/2021\/12\/Location-Villa-chandra-cote-azur-chambre-mapsa-03.jpg\" target=\"_self\" itemprop=\"url\" rel=\"noopener\">\n\t\t\t\t\t\t\t\t\t<img decoding=\"async\" src=\"https:\/\/villachandra.com\/wp-content\/uploads\/2021\/12\/Location-Villa-chandra-cote-azur-chambre-mapsa-03.jpg\" alt=\"Location-Villa-chandra-cote-azur-chambre-mapsa-03\" itemprop=\"image\">\n\t\t\t\t\t\t\t\t\t\t\t\t\t<\/a>\n\t\t\t\t\t\t\t\t<a href=\"https:\/\/villachandra.com\/wp-content\/uploads\/2021\/12\/Location-Villa-chandra-cote-azur-chambre-mapsa-02.jpg\" target=\"_self\" itemprop=\"url\" rel=\"noopener\">\n\t\t\t\t\t\t\t\t\t<img decoding=\"async\" src=\"https:\/\/villachandra.com\/wp-content\/uploads\/2021\/12\/Location-Villa-chandra-cote-azur-chambre-mapsa-02.jpg\" alt=\"Location maison avec piscine - Villa Chandra \u00e0 Biot (06) C\u00f4te d'Azur - Location chambre Mapsa 2 personnes avec salle de bain priv\u00e9e - d\u00e9coration fa\u00efence \u00e9meraude\" itemprop=\"image\">\n\t\t\t\t\t\t\t\t\t\t\t\t\t<\/a>\n\t\t\t\t\t\t\t\t<a href=\"https:\/\/villachandra.com\/wp-content\/uploads\/2021\/12\/Location-Villa-chandra-cote-azur-chambre-mapsa-04-Sdb.jpg\" target=\"_self\" itemprop=\"url\" rel=\"noopener\">\n\t\t\t\t\t\t\t\t\t<img decoding=\"async\" src=\"https:\/\/villachandra.com\/wp-content\/uploads\/bb-plugin\/cache\/Location-Villa-chandra-cote-azur-chambre-mapsa-04-Sdb-portrait.jpg\" alt=\"Location maison avec piscine - Villa Chandra \u00e0 Biot (06) C\u00f4te d'Azur - Location chambre Mapsa 2 personnes avec salle de bain priv\u00e9e - d\u00e9coration fa\u00efence \u00e9meraude\" itemprop=\"image\">\n\t\t\t\t\t\t\t\t\t\t\t\t\t<\/a>\n<h3>\n\t\tCONTACT US!\n\t<\/h3>\n\t<p>Nous serons heureux d&rsquo;accueillir nos h\u00f4tes et leur faire partager nos coups de c\u0153ur. Nous partagerons avec nos h\u00f4tes toutes les informations pour leur faire visiter notre belle r\u00e9gion \u00ab\u00a0autrement\u00a0\u00bb.<\/p>\n<p class=\"translation-block\">Please complete the following fields in order to contact us. Beforehand, we invite you to discover the <a href=\"https:\/\/villachandra.lanageuse.com\/la-villa-chandra-biot\/#chambres\" target=\"_self\"> bedrooms <\/a>, our <a href=\"https:\/\/villachandra.lanageuse.com\/tarifs\/\" target=\"_ self\"> rates <\/a> as well as the <a href=\"https:\/\/villachandra.lanageuse.com\/tarifs\/#reservation\" target=\"_ self\"> availability calendar <\/a>.<\/p>\n\t\n\n<div class=\"wpcf7 no-js\" id=\"wpcf7-f208-o1\" lang=\"en-US\" dir=\"ltr\" data-wpcf7-id=\"208\">\n<div class=\"screen-reader-response\"><p role=\"status\" aria-live=\"polite\" aria-atomic=\"true\"><\/p> <ul><\/ul><\/div>\n<form action=\"\/en\/wp-json\/wp\/v2\/pages\/1252#wpcf7-f208-o1\" method=\"post\" class=\"wpcf7-form init\" aria-label=\"Contact form\" novalidate=\"novalidate\" data-status=\"init\" data-trp-original-action=\"\/en\/wp-json\/wp\/v2\/pages\/1252#wpcf7-f208-o1\">\n<fieldset class=\"hidden-fields-container\"><input type=\"hidden\" name=\"_wpcf7\" value=\"208\" \/><input type=\"hidden\" name=\"_wpcf7_version\" value=\"6.1.5\" \/><input type=\"hidden\" name=\"_wpcf7_locale\" value=\"en_US\" \/><input type=\"hidden\" name=\"_wpcf7_unit_tag\" value=\"wpcf7-f208-o1\" \/><input type=\"hidden\" name=\"_wpcf7_container_post\" value=\"0\" \/><input type=\"hidden\" name=\"_wpcf7_posted_data_hash\" value=\"\" \/><input type=\"hidden\" name=\"_wpcf7_recaptcha_response\" value=\"\" \/>\n<\/fieldset>\n<div class=\"container-fluid\">\n\t<div class=\"row\">\n\t\t<div class=\"col-md-6\">\n\t\t\t<div class=\"form-group\">\n\t\t\t\t<p><span class=\"wpcf7-form-control-wrap\" data-name=\"Prenom\"><input size=\"40\" maxlength=\"400\" class=\"wpcf7-form-control wpcf7-text wpcf7-validates-as-required form-control\" aria-required=\"true\" aria-invalid=\"false\" placeholder=\"First name\" value=\"\" type=\"text\" name=\"Prenom\" \/><\/span>\n\t\t\t\t<\/p>\n\t\t\t<\/div>\n\t\t<\/div>\n\t\t<div class=\"col-md-6\">\n\t\t\t<div class=\"form-group\">\n\t\t\t\t<p><span class=\"wpcf7-form-control-wrap\" data-name=\"Nom\"><input size=\"40\" maxlength=\"400\" class=\"wpcf7-form-control wpcf7-text wpcf7-validates-as-required form-control\" aria-required=\"true\" aria-invalid=\"false\" placeholder=\"Name\" value=\"\" type=\"text\" name=\"Nom\" \/><\/span>\n\t\t\t\t<\/p>\n\t\t\t<\/div>\n\t\t<\/div>\n\t<\/div>\n\t<div class=\"row\">\n\t\t<div class=\"col-md-6\">\n\t\t\t<div class=\"form-group\">\n\t\t\t\t<p><span class=\"wpcf7-form-control-wrap\" data-name=\"E-mail\"><input size=\"40\" maxlength=\"400\" class=\"wpcf7-form-control wpcf7-email wpcf7-validates-as-required wpcf7-text wpcf7-validates-as-email form-control\" aria-required=\"true\" aria-invalid=\"false\" placeholder=\"E-mail*\" value=\"\" type=\"email\" name=\"E-mail\" \/><\/span>\n\t\t\t\t<\/p>\n\t\t\t<\/div>\n\t\t<\/div>\n\t\t<div class=\"col-md-6\">\n\t\t\t<div class=\"form-group\">\n\t\t\t\t<p><span class=\"wpcf7-form-control-wrap\" data-name=\"telephone\"><input size=\"40\" maxlength=\"400\" class=\"wpcf7-form-control wpcf7-tel wpcf7-validates-as-required wpcf7-text wpcf7-validates-as-tel form-control\" aria-required=\"true\" aria-invalid=\"false\" placeholder=\"Phone number\" value=\"\" type=\"tel\" name=\"telephone\" \/><\/span>\n\t\t\t\t<\/p>\n\t\t\t<\/div>\n\t\t<\/div>\n\t<\/div>\n\t<div class=\"row\">\n\t\t<div class=\"col-md-12\">\n\t\t\t<div class=\"form-group\">\n\t\t\t\t<p><span class=\"wpcf7-form-control-wrap\" data-name=\"Objet\"><input size=\"40\" maxlength=\"400\" class=\"wpcf7-form-control wpcf7-text form-control\" aria-invalid=\"false\" placeholder=\"Subject\" value=\"\" type=\"text\" name=\"Objet\" \/><\/span>\n\t\t\t\t<\/p>\n\t\t\t<\/div>\n\t\t<\/div>\n\t<\/div>\n\t<div class=\"row\">\n\t\t<div class=\"col-md-12\">\n\t\t\t<div class=\"form-group\">\n\t\t\t\t<p><span class=\"wpcf7-form-control-wrap\" data-name=\"Message\"><textarea cols=\"40\" rows=\"10\" maxlength=\"2000\" class=\"wpcf7-form-control wpcf7-textarea form-control\" aria-invalid=\"false\" placeholder=\"Your message\" name=\"Message\"><\/textarea><\/span>\n\t\t\t\t<\/p>\n\t\t\t<\/div>\n\t\t<\/div>\n\t<\/div>\n\t<div class=\"row\">\n\t\t<div class=\"col-md-12\">\n\t\t\t<div class=\"form-group\">\n\t\t\t\t<p><span class=\"wpcf7-form-control-wrap\" data-name=\"Source\"><select class=\"wpcf7-form-control wpcf7-select form-control\" aria-invalid=\"false\" name=\"Source\"><option value=\"Comment connaissez-vous la Villa Chandra ?\">How do you know Villa Chandra?<\/option><option value=\"Google\">Google<\/option><option value=\"AirBnB\">AirBnB<\/option><option value=\"Booking\">Booking<\/option><option value=\"Tripadvisor\">Tripadvisor<\/option><option value=\"Autres\">Autres<\/option><\/select><\/span>\n\t\t\t\t<\/p>\n\t\t\t<\/div>\n\t\t<\/div>\n\t<\/div>\n\t<div class=\"col-md-10 col-md-offset-1\">\n\t\t<p><span class=\"wpcf7-form-control-wrap\" data-name=\"Rgpd\"><span class=\"wpcf7-form-control wpcf7-checkbox\"><span class=\"wpcf7-list-item first last\"><label><input type=\"checkbox\" name=\"Rgpd[]\" value=\"En soumettant ce formulaire, j\u2019accepte que les informations saisies soient exploit\u00e9es uniquement dans le cadre de la relation commerciale.\" \/><span class=\"wpcf7-list-item-label\">By submitting this form, I agree that the information entered will be used only within the framework of the commercial relationship.<\/span><\/label><\/span><\/span><\/span>\n\t\t<\/p>\n\t<\/div>\n\t<div class=\"row\">\n\t\t<div class=\"col-md-12\">\n\t\t\t<div class=\"warning text-center\">\n\t\t\t\t<p>* In accordance with article 34 of the Data Protection Act of January 6, 1978, you have the right to access, modify and delete data concerning you. To exercise this right, please contact: <a href=\"mailto:villachandrabiot@gmail.com\">villachandrabiot@gmail.com <\/a>.\n\t\t\t\t<\/p>\n\t\t\t<\/div>\n\t\t<\/div>\n\t<\/div>\n\t<div class=\"row\">\n\t\t<p><span id=\"wpcf7-69d394e6c193a-wrapper\" class=\"wpcf7-form-control-wrap honeypot-269-wrap\" style=\"display:none !important; visibility:hidden !important;\"><label for=\"wpcf7-69d394e6c193a-field\" class=\"hp-message\">Please leave this field empty.<\/label><input id=\"wpcf7-69d394e6c193a-field\"  class=\"wpcf7-form-control wpcf7-text\" type=\"text\" name=\"honeypot-269\" value=\"\" size=\"40\" tabindex=\"-1\" autocomplete=\"new-password\" \/><\/span>\n\t\t<\/p>\n\t\t<div class=\"col-md-12 text-center\">\n\t\t\t<p><input class=\"wpcf7-form-control wpcf7-submit has-spinner\" id=\"EnvoyerBtn\" type=\"submit\" value=\"Send message\" \/>\n\t\t\t<\/p>\n\t\t<\/div>\n\t\t<div class=\"col-md-12 text-center\">\n\t\t<div class=\"wpcf7-turnstile cf-turnstile\" data-sitekey=\"0x4AAAAAABuKfWEK8KDSUqKT\" data-response-field-name=\"_wpcf7_turnstile_response\"><\/div>\n\t\t<\/div>\n\t<\/div>\n<\/div><div class=\"wpcf7-response-output\" aria-hidden=\"true\"><\/div>\n<input type=\"hidden\" name=\"trp-form-language\" value=\"en\"\/><\/form>\n<\/div>\n\n<h3>\n\t\tADRESSE &amp; COORDONN\u00c9ES\n\t<\/h3>\n\t<strong>VILLA CHANDRA<\/strong><br>\nBastide Valmasque<br>\n1110 Rte d&rsquo;Antibes, 06410 Biot\n<h3>\n\t\tPhone number \n\t<\/h3>\n<h3>\n\t\tAvailable from 09h am to 18h pm&nbsp;\n\t<\/h3>\n<h2>\n\t\t<a href=\"tel:+33611323679\" \"=\"\" title=\"+33 (0)6 11 32 36 79\" target=\"_self\">\n\t\t+33 (0)6 11 32 36 79\n\t\t<\/a>\n\t<\/h2>\n\t\t<h2>\n\t\t\tUne demeure de charme au c\u0153ur de la c\u00f4te d&rsquo;azur\n\t\t<\/h2>\n\t\t\t<a href=\"https:\/\/villachandra.com\/en\/tarifs\/#reservation\" target=\"_self\" role=\"button\" rel=\"noopener\">\n\t\t\t\t\t\t\tCheck availability\n\t\t\t<\/a>","protected":false},"excerpt":{"rendered":"<p>MAPSA,des tons \u00e9meraude Chambre MAPSA Cette chambre tr\u00e8s charmante est d\u00e9cor\u00e9e dans des tons \u00e9meraude. Dans cette grande chambre mansard\u00e9e, vous trouverez un lit double king size ou 2 lits jumeaux, selon vos pr\u00e9f\u00e9rences.Cette chambre est \u00e9galement \u00e9quip\u00e9e d&rsquo;une armoire proven\u00e7ale, une chaise et une table romantique pour mettre votre ordinateur ou pour \u00e9crire votre&hellip;<\/p>","protected":false},"author":6,"featured_media":0,"parent":0,"menu_order":0,"comment_status":"closed","ping_status":"closed","template":"","meta":{"footnotes":""},"class_list":["post-1252","page","type-page","status-publish","hentry"],"yoast_head":"<!-- This site is optimized with the Yoast SEO plugin v27.3 - https:\/\/yoast.com\/product\/yoast-seo-wordpress\/ -->\n<title>Location Biot, C\u00f4te d&#039;Azur : chambre MAPSA | Villa Chandra<\/title>\n<meta name=\"description\" content=\"Location maison Biot - C\u00f4te d&#039;Azure : chambre MAPSA : tr\u00e8s charmante, d\u00e9cor\u00e9e dans des tons \u00e9meraude: un lit king size ou 2 lits simple\" \/>\n<meta name=\"robots\" content=\"index, follow, max-snippet:-1, max-image-preview:large, max-video-preview:-1\" \/>\n<link rel=\"canonical\" href=\"https:\/\/villachandra.com\/en\/location-chambre-biot-mapsa\/\" \/>\n<meta property=\"og:locale\" content=\"en_GB\" \/>\n<meta property=\"og:type\" content=\"article\" \/>\n<meta property=\"og:title\" content=\"Location Biot, C\u00f4te d&#039;Azur : chambre MAPSA | Villa Chandra\" \/>\n<meta property=\"og:description\" content=\"Location maison Biot - C\u00f4te d&#039;Azure : chambre MAPSA : tr\u00e8s charmante, d\u00e9cor\u00e9e dans des tons \u00e9meraude: un lit king size ou 2 lits simple\" \/>\n<meta property=\"og:url\" content=\"https:\/\/villachandra.com\/en\/location-chambre-biot-mapsa\/\" \/>\n<meta property=\"og:site_name\" content=\"Villa Chandra\" \/>\n<meta property=\"article:modified_time\" content=\"2022-01-25T07:56:45+00:00\" \/>\n<meta property=\"og:image\" content=\"https:\/\/villachandra.com\/wp-content\/uploads\/2021\/12\/Location-Villa-chandra-cote-azur-chambre-mapsa-01.jpg\" \/>\n<meta name=\"twitter:card\" content=\"summary_large_image\" \/>\n<meta name=\"twitter:label1\" content=\"Estimated reading time\" \/>\n\t<meta name=\"twitter:data1\" content=\"2 minutes\" \/>\n<script type=\"application\/ld+json\" class=\"yoast-schema-graph\">{\"@context\":\"https:\\\/\\\/schema.org\",\"@graph\":[{\"@type\":\"WebPage\",\"@id\":\"https:\\\/\\\/villachandra.com\\\/location-chambre-biot-mapsa\\\/\",\"url\":\"https:\\\/\\\/villachandra.com\\\/location-chambre-biot-mapsa\\\/\",\"name\":\"Location Biot, C\u00f4te d'Azur : chambre MAPSA | Villa Chandra\",\"isPartOf\":{\"@id\":\"https:\\\/\\\/villachandra.com\\\/#website\"},\"primaryImageOfPage\":{\"@id\":\"https:\\\/\\\/villachandra.com\\\/location-chambre-biot-mapsa\\\/#primaryimage\"},\"image\":{\"@id\":\"https:\\\/\\\/villachandra.com\\\/location-chambre-biot-mapsa\\\/#primaryimage\"},\"thumbnailUrl\":\"https:\\\/\\\/villachandra.com\\\/wp-content\\\/uploads\\\/2021\\\/12\\\/Location-Villa-chandra-cote-azur-chambre-mapsa-01.jpg\",\"datePublished\":\"2021-12-22T16:19:10+00:00\",\"dateModified\":\"2022-01-25T07:56:45+00:00\",\"description\":\"Location maison Biot - C\u00f4te d'Azure : chambre MAPSA : tr\u00e8s charmante, d\u00e9cor\u00e9e dans des tons \u00e9meraude: un lit king size ou 2 lits simple\",\"breadcrumb\":{\"@id\":\"https:\\\/\\\/villachandra.com\\\/location-chambre-biot-mapsa\\\/#breadcrumb\"},\"inLanguage\":\"en-GB\",\"potentialAction\":[{\"@type\":\"ReadAction\",\"target\":[\"https:\\\/\\\/villachandra.com\\\/location-chambre-biot-mapsa\\\/\"]}]},{\"@type\":\"ImageObject\",\"inLanguage\":\"en-GB\",\"@id\":\"https:\\\/\\\/villachandra.com\\\/location-chambre-biot-mapsa\\\/#primaryimage\",\"url\":\"https:\\\/\\\/villachandra.com\\\/wp-content\\\/uploads\\\/2021\\\/12\\\/Location-Villa-chandra-cote-azur-chambre-mapsa-01.jpg\",\"contentUrl\":\"https:\\\/\\\/villachandra.com\\\/wp-content\\\/uploads\\\/2021\\\/12\\\/Location-Villa-chandra-cote-azur-chambre-mapsa-01.jpg\"},{\"@type\":\"BreadcrumbList\",\"@id\":\"https:\\\/\\\/villachandra.com\\\/location-chambre-biot-mapsa\\\/#breadcrumb\",\"itemListElement\":[{\"@type\":\"ListItem\",\"position\":1,\"name\":\"Accueil\",\"item\":\"https:\\\/\\\/villachandra.com\\\/\"},{\"@type\":\"ListItem\",\"position\":2,\"name\":\"MAPSA\"}]},{\"@type\":\"WebSite\",\"@id\":\"https:\\\/\\\/villachandra.com\\\/#website\",\"url\":\"https:\\\/\\\/villachandra.com\\\/\",\"name\":\"Villa Chandra\",\"description\":\"Villa \u00e0 louer avec piscine \u00e0 Biot, Antibes - C\u00f4te d&#039;Azur\",\"publisher\":{\"@id\":\"https:\\\/\\\/villachandra.com\\\/#organization\"},\"potentialAction\":[{\"@type\":\"SearchAction\",\"target\":{\"@type\":\"EntryPoint\",\"urlTemplate\":\"https:\\\/\\\/villachandra.com\\\/?s={search_term_string}\"},\"query-input\":{\"@type\":\"PropertyValueSpecification\",\"valueRequired\":true,\"valueName\":\"search_term_string\"}}],\"inLanguage\":\"en-GB\"},{\"@type\":\"Organization\",\"@id\":\"https:\\\/\\\/villachandra.com\\\/#organization\",\"name\":\"Villa Chandra\",\"url\":\"https:\\\/\\\/villachandra.com\\\/\",\"logo\":{\"@type\":\"ImageObject\",\"inLanguage\":\"en-GB\",\"@id\":\"https:\\\/\\\/villachandra.com\\\/#\\\/schema\\\/logo\\\/image\\\/\",\"url\":\"https:\\\/\\\/villachandra.com\\\/wp-content\\\/uploads\\\/2021\\\/12\\\/logo-villa-chandra-nb-e1640061586228.jpeg\",\"contentUrl\":\"https:\\\/\\\/villachandra.com\\\/wp-content\\\/uploads\\\/2021\\\/12\\\/logo-villa-chandra-nb-e1640061586228.jpeg\",\"width\":250,\"height\":108,\"caption\":\"Villa Chandra\"},\"image\":{\"@id\":\"https:\\\/\\\/villachandra.com\\\/#\\\/schema\\\/logo\\\/image\\\/\"}}]}<\/script>\n<!-- \/ Yoast SEO plugin. -->","yoast_head_json":{"title":"Location Biot, C\u00f4te d'Azur : chambre MAPSA | Villa Chandra","description":"Location maison Biot - C\u00f4te d'Azure : chambre MAPSA : tr\u00e8s charmante, d\u00e9cor\u00e9e dans des tons \u00e9meraude: un lit king size ou 2 lits simple","robots":{"index":"index","follow":"follow","max-snippet":"max-snippet:-1","max-image-preview":"max-image-preview:large","max-video-preview":"max-video-preview:-1"},"canonical":"https:\/\/villachandra.com\/en\/location-chambre-biot-mapsa\/","og_locale":"en_GB","og_type":"article","og_title":"Location Biot, C\u00f4te d'Azur : chambre MAPSA | Villa Chandra","og_description":"Location maison Biot - C\u00f4te d'Azure : chambre MAPSA : tr\u00e8s charmante, d\u00e9cor\u00e9e dans des tons \u00e9meraude: un lit king size ou 2 lits simple","og_url":"https:\/\/villachandra.com\/en\/location-chambre-biot-mapsa\/","og_site_name":"Villa Chandra","article_modified_time":"2022-01-25T07:56:45+00:00","og_image":[{"url":"https:\/\/villachandra.com\/wp-content\/uploads\/2021\/12\/Location-Villa-chandra-cote-azur-chambre-mapsa-01.jpg","type":"","width":"","height":""}],"twitter_card":"summary_large_image","twitter_misc":{"Estimated reading time":"2 minutes"},"schema":{"@context":"https:\/\/schema.org","@graph":[{"@type":"WebPage","@id":"https:\/\/villachandra.com\/location-chambre-biot-mapsa\/","url":"https:\/\/villachandra.com\/location-chambre-biot-mapsa\/","name":"Location Biot, C\u00f4te d'Azur : chambre MAPSA | Villa Chandra","isPartOf":{"@id":"https:\/\/villachandra.com\/#website"},"primaryImageOfPage":{"@id":"https:\/\/villachandra.com\/location-chambre-biot-mapsa\/#primaryimage"},"image":{"@id":"https:\/\/villachandra.com\/location-chambre-biot-mapsa\/#primaryimage"},"thumbnailUrl":"https:\/\/villachandra.com\/wp-content\/uploads\/2021\/12\/Location-Villa-chandra-cote-azur-chambre-mapsa-01.jpg","datePublished":"2021-12-22T16:19:10+00:00","dateModified":"2022-01-25T07:56:45+00:00","description":"Location maison Biot - C\u00f4te d'Azure : chambre MAPSA : tr\u00e8s charmante, d\u00e9cor\u00e9e dans des tons \u00e9meraude: un lit king size ou 2 lits simple","breadcrumb":{"@id":"https:\/\/villachandra.com\/location-chambre-biot-mapsa\/#breadcrumb"},"inLanguage":"en-GB","potentialAction":[{"@type":"ReadAction","target":["https:\/\/villachandra.com\/location-chambre-biot-mapsa\/"]}]},{"@type":"ImageObject","inLanguage":"en-GB","@id":"https:\/\/villachandra.com\/location-chambre-biot-mapsa\/#primaryimage","url":"https:\/\/villachandra.com\/wp-content\/uploads\/2021\/12\/Location-Villa-chandra-cote-azur-chambre-mapsa-01.jpg","contentUrl":"https:\/\/villachandra.com\/wp-content\/uploads\/2021\/12\/Location-Villa-chandra-cote-azur-chambre-mapsa-01.jpg"},{"@type":"BreadcrumbList","@id":"https:\/\/villachandra.com\/location-chambre-biot-mapsa\/#breadcrumb","itemListElement":[{"@type":"ListItem","position":1,"name":"Accueil","item":"https:\/\/villachandra.com\/"},{"@type":"ListItem","position":2,"name":"MAPSA"}]},{"@type":"WebSite","@id":"https:\/\/villachandra.com\/#website","url":"https:\/\/villachandra.com\/","name":"Villa Chandra","description":"Villa \u00e0 louer avec piscine \u00e0 Biot, Antibes - C\u00f4te d&#039;Azur","publisher":{"@id":"https:\/\/villachandra.com\/#organization"},"potentialAction":[{"@type":"SearchAction","target":{"@type":"EntryPoint","urlTemplate":"https:\/\/villachandra.com\/?s={search_term_string}"},"query-input":{"@type":"PropertyValueSpecification","valueRequired":true,"valueName":"search_term_string"}}],"inLanguage":"en-GB"},{"@type":"Organization","@id":"https:\/\/villachandra.com\/#organization","name":"Villa Chandra","url":"https:\/\/villachandra.com\/","logo":{"@type":"ImageObject","inLanguage":"en-GB","@id":"https:\/\/villachandra.com\/#\/schema\/logo\/image\/","url":"https:\/\/villachandra.com\/wp-content\/uploads\/2021\/12\/logo-villa-chandra-nb-e1640061586228.jpeg","contentUrl":"https:\/\/villachandra.com\/wp-content\/uploads\/2021\/12\/logo-villa-chandra-nb-e1640061586228.jpeg","width":250,"height":108,"caption":"Villa Chandra"},"image":{"@id":"https:\/\/villachandra.com\/#\/schema\/logo\/image\/"}}]}},"_links":{"self":[{"href":"https:\/\/villachandra.com\/en\/wp-json\/wp\/v2\/pages\/1252","targetHints":{"allow":["GET"]}}],"collection":[{"href":"https:\/\/villachandra.com\/en\/wp-json\/wp\/v2\/pages"}],"about":[{"href":"https:\/\/villachandra.com\/en\/wp-json\/wp\/v2\/types\/page"}],"author":[{"embeddable":true,"href":"https:\/\/villachandra.com\/en\/wp-json\/wp\/v2\/users\/6"}],"replies":[{"embeddable":true,"href":"https:\/\/villachandra.com\/en\/wp-json\/wp\/v2\/comments?post=1252"}],"version-history":[{"count":17,"href":"https:\/\/villachandra.com\/en\/wp-json\/wp\/v2\/pages\/1252\/revisions"}],"predecessor-version":[{"id":1596,"href":"https:\/\/villachandra.com\/en\/wp-json\/wp\/v2\/pages\/1252\/revisions\/1596"}],"wp:attachment":[{"href":"https:\/\/villachandra.com\/en\/wp-json\/wp\/v2\/media?parent=1252"}],"curies":[{"name":"wp","href":"https:\/\/api.w.org\/{rel}","templated":true}]}}