{"id":1527,"date":"2022-01-08T11:33:55","date_gmt":"2022-01-08T11:33:55","guid":{"rendered":"https:\/\/villachandra.com\/?page_id=1527"},"modified":"2024-02-21T01:41:12","modified_gmt":"2024-02-21T01:41:12","slug":"termes-et-conditions","status":"publish","type":"page","link":"https:\/\/villachandra.com\/en\/termes-et-conditions\/","title":{"rendered":"Terms and conditions"},"content":{"rendered":"<h1>\n\t\tGeneral rental conditions\n\t<\/h1>\n\t<h3><strong>Rules of procedure<\/strong><\/h3>\n<ul>\n<li>Arriv\u00e9e : 16:30 &#8211; 22:00 le Samedi ou le Dimanche<\/li>\n<li>Departure : 11:00 am<\/li>\n<li>Non-smoking area<\/li>\n<li>Pas d&rsquo;animaux<\/li>\n<li>No party or evening<\/li>\n<\/ul>\n<p>&nbsp;<\/p>\n<h3><strong>Additional rules<\/strong><\/h3>\n<p>Children under 8 must be supervised by their parents.<\/p>\n<p>Pour les locations au mois il faudra ajouter les consommations de gaz et d&rsquo;\u00e9lectricit\u00e9.<\/p>\n\t<h3><strong>Certains espaces sont partag\u00e9sSant\u00e9 et s\u00e9curit\u00e9<\/strong><\/h3>\nL&rsquo;h\u00f4te s&rsquo;engage \u00e0 appliquer le processus de nettoyage renforc\u00e9 d&rsquo;Airbnb. En savoir plus<br \/>\nPendant la pand\u00e9mie de Covid-19, tous les h\u00f4tes et les voyageurs doivent lire et suivre les consignes d&rsquo;Airbnb en mati\u00e8re de distanciation sociale et les autres consignes relatives au Covid-19. En savoir plus<br \/>\nD\u00e9tecteur de monoxyde de carbone<br \/>\nD\u00e9tecteur de fum\u00e9e.\n<h3><strong>Also to know<\/strong><\/h3>\n<ul>\n<li>The accommodation includes steps or stairs<\/li>\n<li>Some spaces are shared<\/li>\n<\/ul>\n<p>&nbsp;<\/p>\n\t<h3><strong>Caution<\/strong><\/h3>\n<p>En cas de dommages mat\u00e9riels dans le logement, vous pouvez avoir \u00e0 payer jusqu&rsquo;\u00e0 <strong>900 \u20ac<\/strong>, \u00e0 r\u00e9gler par ch\u00e9que ou par virement bancaire.<\/p>\n<h3><strong>Tourist tax?<\/strong><\/h3>\n<p>The tourist tax is included in the rental price.<\/p>\n\t\t\t<a href=\"https:\/\/villachandra.com\/en\/contact\/\" target=\"_self\" rel=\"noopener\">\n\t\t\t\t\t\t\tContact us\n\t\t\t\t\t<\/a>\n\t<h2><strong>Article 1 &#8211; RESERVATION<\/strong><\/h2>\n<p>Conditions de r\u00e9servation : L&rsquo;acceptation du contrat de location sous forme de signature num\u00e9rique ou papier implique l&rsquo;adh\u00e9sion aux pr\u00e9sentes conditions g\u00e9n\u00e9rales sans restriction aucune.<\/p>\n<p>Les prestations suivantes sont incluses pour chaque r\u00e9servation :<\/p>\n&#8211; la r\u00e9ception de la client\u00e8le qui est assur\u00e9e.<br \/>\n&#8211; la fourniture du linge de maison durant le s\u00e9jour<br \/>\n&#8211; le nettoyage des locaux (une prestation de m\u00e9nage compl\u00e9mentaire est propos\u00e9e par le propri\u00e9taire sur simple demande du locataire)<br \/>\nPour toute r\u00e9servation, un versement d&rsquo;arrhes d&rsquo;un montant \u00e9gal \u00e0 50% devra \u00eatre effectu\u00e9 au moment de la confirmation de la r\u00e9servation par ch\u00e8que ou virement banvaire.\n<p>Le solde devra \u00eatre r\u00e9gl\u00e9 au plus tard 30 jours avant la remise des cl\u00e9s.<\/p>\n<p>Les ch\u00e8ques ne seront plus accept\u00e9s au-del\u00e0 des 30 jours avant l&rsquo;arriv\u00e9e. Il est demand\u00e9 une pi\u00e8ce d&rsquo;identit\u00e9 pour tout r\u00e8glement par ch\u00e8que<\/p>\n<p>La somme \u00e9quivalente \u00e0 50 % du montant total du s\u00e9jour sera demand\u00e9e ou pr\u00e9lev\u00e9e par l&rsquo;\u00e9tablissement au moins 30 jours avant l&rsquo;arriv\u00e9e.<\/p>\n<p>Les r\u00e9servations ne seront consid\u00e9r\u00e9es comme fermes qu&rsquo;\u00e0 r\u00e9ception des arrhes.<\/p>\n<p>Nous rappelons que le d\u00e9cret 2015-741 du 24 juin 2015 limite les paiements en liquide \u00e0 1000\u20ac pour les r\u00e9sidents fran\u00e7ais et \u00e0 10000\u20ac pour les r\u00e9sidents \u00e9trangers. Une pi\u00e8ce d&rsquo;identit\u00e9 sera demand\u00e9e pour tout paiement \u00e0 partir de 1000\u20ac<\/p>\n<p>Le client doit pr\u00e9ciser le nombre exact de personnes pr\u00e9vues pour le s\u00e9jour.<\/p>\n<p>Si le nombre de clients d\u00e9passe la capacit\u00e9 d&rsquo;accueil autoris\u00e9e, le propri\u00e9taire refusera les personnes suppl\u00e9mentaires \u00e0 leur arriv\u00e9e.<\/p>\n<p>Toute modification ou rupture du contrat sera consid\u00e9r\u00e9e \u00e0 l&rsquo;initiative du client.<\/p>\n<p>Nos amis les animaux ne sont pas admis.<\/p>\n<h3><strong>Conditions d&rsquo;annulation :<\/strong><\/h3>\n<p>En cas d&rsquo;annulation ou modification entre 15 et 30 jours avant la date d&rsquo;arriv\u00e9e l&rsquo;\u00e9tablissement pr\u00e9l\u00e8vera le montant correspondant \u00e0 50% du montant total de la r\u00e9servation.<\/p>\n<p>En cas d&rsquo;annulation ou modification \u00e0 moins de 15 jours avant la date d&rsquo;arriv\u00e9e l&rsquo;\u00e9tablissement pr\u00e9l\u00e8vera 100% du montant total de la r\u00e9servation. Idem pour les non pr\u00e9sentations.<\/p>\n<p>Les tarifs non annulables et non remboursables font objet d&rsquo;un pr\u00e9-paiement total au moment de la r\u00e9servation.<\/p>\n<h2><strong>Article 2 &#8211; LE SEJOUR<\/strong><\/h2>\n<h3><strong>Dur\u00e9e du s\u00e9jour :<\/strong><\/h3>\n<p>Le(s) locataire(s) signataire(s) du pr\u00e9sent contrat conclu pour une dur\u00e9e d\u00e9termin\u00e9e, ne pourra(ont) en aucun cas se pr\u00e9valoir d&rsquo;un quelconque droit au maintien dans les lieux lou\u00e9s \u00e0 l&rsquo;issue de leur s\u00e9jour. Toute occupation exc\u00e9dant les limites horaires fix\u00e9es donnera lieu \u00e0 facturation suppl\u00e9mentaire.<\/p>\n<p>La villa le jour de l&rsquo;arriv\u00e9e \u00e0 partir de 16H30 et devront \u00eatre lib\u00e9r\u00e9es au plus tard \u00e0 11H00 le jour du d\u00e9part mentionn\u00e9 dans le contrat.<\/p>\n<h3><strong>Etat des lieux :<\/strong><\/h3>\n<p>Les logements sont enti\u00e8rement \u00e9quip\u00e9s de vaisselle, couverts, literie, draps et linges de toilette. Il est express\u00e9ment interdit d&rsquo;utiliser les lits sans les draps.<\/p>\n<p>Un constat d&rsquo;\u00e9tat des lieux et un inventaire sont remis \u00e0 l&rsquo;arriv\u00e9e du (des) locataire(s).<\/p>\n<p>A son arriv\u00e9e le(s) locataire(s) devra(ont) contr\u00f4ler l&rsquo;\u00e9tat des lieux et l&rsquo;inventaire ainsi que le bon fonctionnement des appareils m\u00e9nagers et sanitaires. En haute saison, l&rsquo;affluence et le manque de temps, ne permettent pas au bailleur d&rsquo;effectuer ce contr\u00f4le avec le(s) locataire(s).<\/p>\n<p>En cons\u00e9quence, toute casse, d\u00e9gradation ou manque, non constat\u00e9s par le propri\u00e9taire ou son repr\u00e9sentant devra \u00eatre signal\u00e9 dans les 24h suivant l&rsquo;arriv\u00e9e du locataire.<\/p>\n<p>Pass\u00e9 ce d\u00e9lai la responsabilit\u00e9 du locataire sera d\u00e9finitivement engag\u00e9e.<\/p>\n<h2><strong>Article 3 &#8211; INTERRUPTION DU SEJOUR<\/strong><\/h2>\n<p>Le client ne pourra pr\u00e9tendre \u00e0 aucune indemnit\u00e9 ou remboursement s&rsquo;il abr\u00e8ge ou interrompt son s\u00e9jour pour quelque cause que ce soit, y compris gr\u00e8ve, rapatriement m\u00e9dical et autre cas de force majeure.<\/p>\n<h3><strong>Cession du contrat :<\/strong><\/h3>\n<p>La cession \u00e9ventuelle du contrat de location ne pourra intervenir qu&rsquo;avec l&rsquo;accord \u00e9crit du propri\u00e9taire.<\/p>\n<p>Le c\u00e9dant et le cessionnaire du contrat seront tenus solidairement \u00e0 l&rsquo;\u00e9gard du propri\u00e9taire du prix de la location.<\/p>\n<p>Aucune assurance n&rsquo;\u00e9tant incluse dans le prix de la location, nous vous conseillons de souscrire une \u00ab assurance annulation \u00bb personnelle.<\/p>\n<h2><strong>Article 4 &#8211; DEP\u00d4T DE GARANTIE<\/strong><\/h2>\n<p>Un d\u00e9p\u00f4t de garantie de 900 \u20ac par villa sera r\u00e9clam\u00e9 le jour de la remise des cl\u00e9s. Une demande d&#8217;empreinte de carte bancaire compatible aux nouvelles normes 3D Secure sera demand\u00e9e \u00e0 titre de d\u00e9p\u00f4t de garantie.<\/p>\n<p>Si l&rsquo;\u00e9tat des lieux et l&rsquo;inventaire ne constatent aucun probl\u00e8me ou qu&rsquo;aucun nettoyage particulier ne soit n\u00e9cessaire sous r\u00e9serve qu&rsquo;aucune d\u00e9t\u00e9rioration ou d\u00e9gradation cach\u00e9e n&rsquo;ai \u00e9t\u00e9 constat\u00e9e, il sera restitu\u00e9 au locataire \u00e0 son d\u00e9part ou dans un d\u00e9lai maximal de dix jours apr\u00e8s le d\u00e9part, si la restitution imm\u00e9diate est impossible.<\/p>\n<p>Les conditions suivantes s&rsquo;appliqueront :<\/p>\n<p>Les occupants sont r\u00e9put\u00e9s avoir re\u00e7u la villa en parfait \u00e9tat et munies des biens mobiliers \u00e9nonc\u00e9s dans l&rsquo;inventaire qui leur est remis \u00e0 leur arriv\u00e9e.<\/p>\n<p>Si l&rsquo;\u00e9tat des lieux et l&rsquo;inventaire de fin de location pr\u00e9sentent des anomalies, le propri\u00e9taire et le locataire devront s&rsquo;entendre sur le montant \u00e0 d\u00e9duire du d\u00e9p\u00f4t de garantie. Si le d\u00e9p\u00f4t est insuffisant pour r\u00e9gler les sommes dues par le locataire, celui-ci s&rsquo;engage d&rsquo;ores et d\u00e9j\u00e0 par la signature du pr\u00e9sent contrat \u00e0 r\u00e9gler les \u00e9ventuels d\u00e9passements. Les biens endommag\u00e9s seront refactur\u00e9s au prix de remplacement sans application de v\u00e9tust\u00e9.<\/p>\n<p>Le(s) locataire(s) s&rsquo;obligent au moment de leur d\u00e9part \u00e0 remettre la villa dans le m\u00eame \u00e9tat que lors de son(leur) arriv\u00e9e et munies de l&rsquo;int\u00e9gralit\u00e9 des biens mobiliers figurant sur l&rsquo;inventaire.<\/p>\n<p>L&rsquo;habitation doit \u00eatre laiss\u00e9e libre de toute poubelle \u00e0 la restitution des lieux. Placards et r\u00e9frig\u00e9rateur vid\u00e9s de toute nourriture.<\/p>\n<p>Seront r\u00e9put\u00e9s comme des manquants ou des d\u00e9gradations, l&rsquo;\u00e9tat d&rsquo;une cuisine et\/ou de la vaisselle ne permettant pas, sans travaux de nettoyage particulier, sa remise en service au profit du(des) locataire(s) suivant(s). Le montant de ces travaux de nettoyage sera d\u00e9duit du d\u00e9p\u00f4t de garantie.<\/p>\n<p>Toute cl\u00e9 perdue ou t\u00e9l\u00e9commande sera factur\u00e9e 50 \u20ac.<\/p>\n<p>Le(s) locataire(s) est (sont) invit\u00e9(s) \u00e0 prendre une assurance responsabilit\u00e9 civile pour couvrir les d\u00e9g\u00e2ts qui pourraient \u00eatre occasionn\u00e9s.<\/p>\n<p>Le(s) locataire(s) est (sont) invit\u00e9(s) \u00e0 v\u00e9rifier aupr\u00e8s de l&rsquo;assureur de sa (leur) r\u00e9sidence principale la qualit\u00e9 de la couverture risque \u00ab vill\u00e9giature \u00bb encourus du fait du pr\u00e9sent contrat. Une attestation d&rsquo;assurance pourra \u00eatre exig\u00e9e \u00e0 l&rsquo;arriv\u00e9e.<\/p>\n<h2><strong>Article 5 &#8211; INTERDICTION DE PR\u00caT OU DE SOUS-LOCATION<\/strong><\/h2>\n<p>La sous-location, le pr\u00eat ou le changement de r\u00e9sidents ne sont pas permis, sauf accord expr\u00e8s et \u00e9crit du bailleur.<\/p>\n<h2><strong>Article 6 &#8211; RECLAMATIONS<\/strong><\/h2>\n<p>Toute \u00e9ventuelle r\u00e9clamation pendant le s\u00e9jour doit \u00eatre signal\u00e9e imm\u00e9diatement au bailleur pour qu&rsquo;il puisse r\u00e9soudre le probl\u00e8me le plus rapidement possible. Le(s) locataire(s) ne pourra(ont) r\u00e9clamer d&rsquo;indemnit\u00e9 en cas o\u00f9 une r\u00e9paration urgente devra \u00eatre effectu\u00e9e \u00e0 l&rsquo;int\u00e9rieur de la villa. Les pannes d&rsquo;un appareil m\u00e9nager ou autres et les d\u00e9lais parfois n\u00e9cessaires pour obtenir l&rsquo;intervention d&rsquo;un technicien ou la fourniture d&rsquo;une pi\u00e8ce n&rsquo;ouvrent droit \u00e0 aucune indemnisation particuli\u00e8re et sont \u00e0 consid\u00e9rer comme des incidents de m\u00eame nature que ceux pouvant survenir au domicile personnel. Le propri\u00e9taire veillera \u00e0 r\u00e9soudre dans un d\u00e9lai raisonnable tout incident.<\/p>\n<p>Les nuisances li\u00e9es \u00e0 l&rsquo;entretien des espaces verts \u00e0 la Villa Chandra ne pourra en aucun cas faire l&rsquo;objet d&rsquo;une r\u00e9clamation donnant droit \u00e0 indemnisation. Nous veillerons cependant \u00e0 ce que ces t\u00e2ches soient effectu\u00e9es le plus discr\u00e8tement possible.<\/p>\n<p>Le r\u00e9seau wifi mise \u00e0 la disposition des locataires gratuitement peut \u00eatre soumis \u00e0 des ralentissements ou perturbations de d\u00e9bit, d&rsquo;origines diverses et vari\u00e9es (panne du Fournisseur d&rsquo;acc\u00e8s, saturation du r\u00e9seau t\u00e9l\u00e9phonique, conditions climatiques etc&#8230;), emp\u00eachant parfois la connexion ou le surf de mani\u00e8re satisfaisante.<\/p>\n<p>Le propri\u00e9taire ne pourra en aucun cas \u00eatre tenu responsable de mani\u00e8re contractuelle.<\/p>\n<p>A d\u00e9faut d&rsquo;en avoir averti le propri\u00e9taire ou son repr\u00e9sentant avant le d\u00e9part, le s\u00e9jour sera consid\u00e9r\u00e9 comme s&rsquo;\u00e9tant bien d\u00e9roul\u00e9 et aucune r\u00e9clamation ult\u00e9rieure ne pourra \u00eatre prise en compte.<\/p>\n<h2><strong>Article 7 &#8211; SECURITE, TROUBLES, NUISANCES, VOLS<\/strong><\/h2>\n<p>Les acc\u00e8s \u00e0 la Villa Chandra se font par un portail motoris\u00e9 s&rsquo;ouvrant avec une t\u00e9l\u00e9commande. Les installations notamment la piscine et \u00e9quipements de la villa lou\u00e9e doivent \u00eatre utilis\u00e9s conform\u00e9ment \u00e0 leur destination et sous l&rsquo;enti\u00e8re responsabilit\u00e9 du(des) locataire(s).<\/p>\n<p>Utilisation de la piscine : prendre toutes les pr\u00e9cautions n\u00e9cessaires pour un usage sans risque de l&rsquo;installation en particulier en pr\u00e9sence de jeunes enfants dont la surveillance doit \u00eatre constante malgr\u00e9 la mise \u00e0 disposition d&rsquo;une alarme ou d&rsquo;une barri\u00e8re de s\u00e9curit\u00e9.<\/p>\n<p>Nous rappelons qu&rsquo;il est interdit de courir, de pousser ni de plonger. Les piscines ne sont pas surveill\u00e9es.<\/p>\n<p>Toute d\u00e9gradation des locaux ou destruction des \u00e9l\u00e9ments mobiliers qui garnissent la villa, engage de plein droit la responsabilit\u00e9 de son(ses) locataire(s). Celle-ci concerne \u00e9galement les personnes qui s\u00e9journent ou les visiteurs.<\/p>\n<p>Le(s) locataire(s), est(sont) responsable(s) des troubles et nuisances caus\u00e9s par les personnes qui s\u00e9journent dans la villa. Lorsqu&rsquo;un r\u00e9sident trouble ou cause des nuisances aux autres r\u00e9sidents ou attente \u00e0 l&rsquo;int\u00e9grit\u00e9 des installations, il peut \u00eatre mis un terme imm\u00e9diat et sans indemnit\u00e9 \u00e0 son s\u00e9jour, sans pr\u00e9judice des demandes en r\u00e9paration que le propri\u00e9taire et les tiers pourraient faire valoir \u00e0 son encontre.<\/p>\n<p>Rappel : L&rsquo;article 1394 du Code Civil stipule que le client est seul responsable non seulement du dommage que l&rsquo;on cause par son propre fait, mais encore de celui qui<\/p>\n<p>est caus\u00e9 par le fait des personnes dont on doit r\u00e9pondre, ou l&rsquo;ensemble des biens (voitures, bagages, cam\u00e9ras, bijoux, argent, etc.) qu&rsquo;il a sous sa garde. Il lui appartient donc de prendre les dispositions n\u00e9cessaires les concernant. En aucun cas le bailleur ne pourra \u00eatre tenu responsable en cas de vol d&rsquo;effets personnels tant dans la villa que sur le parking.<\/p>\n<h2><strong>Article 8 &#8211; LITIGES ET LOI APPLICABLES<\/strong><\/h2>\n<p>Les pr\u00e9sentes Conditions G\u00e9n\u00e9rales seront ex\u00e9cut\u00e9es et interpr\u00e9t\u00e9es conform\u00e9ment au droit fran\u00e7ais.<\/p>\n<p>Tout recours sera, \u00e0 d\u00e9faut d&rsquo;accord amiable, de la comp\u00e9tence exclusive des<\/p>\n<p>tribunaux dans le ressort duquel se trouve le bien lou\u00e9.<\/p>\n<p>Le fait qu&rsquo;une clause quelconque, ill\u00e9gale ou inapplicable du fait d&rsquo;une loi, d&rsquo;un r\u00e8glement ou \u00e0 la suite d&rsquo;une d\u00e9cision d\u00e9finitive d&rsquo;une juridiction comp\u00e9tente, ne pourra remettre en cause la validit\u00e9, la l\u00e9galit\u00e9, l&rsquo;applicabilit\u00e9 des autres stipulations des pr\u00e9sentes conditions g\u00e9n\u00e9rales et n&rsquo;exon\u00e9rera pas le locataire de l&rsquo;ex\u00e9cution de ses obligations contractuelles.<\/p>\n<p>Il est conseill\u00e9 au locataire de souscrire une assurance annulation voyage.<\/p>\n<h3><strong>Conditions particuli\u00e8res :<\/strong><\/h3>\n<ul>\n<li>Arriv\u00e9es : A partir de 16h30<\/li>\n<li>D\u00e9parts : Avant 11h00<\/li>\n<li>Draps et serviettes de bains fournis sans suppl\u00e9ment<\/li>\n<\/ul>\n<p>Le m\u00e9nage est inclus dans le prix de la location qui comprend \u00e9galement l&rsquo;allotement, la fourniture du linge de maison et la r\u00e9ception de la client\u00e8le. En fonction de la dur\u00e9e du s\u00e9jour le propri\u00e9taire sera amen\u00e9 \u00e0 r\u00e9ajuster son prix de base.<\/p>\n<p>The tourist tax is included in the rental price.<\/p>\n\t\t\t<a href=\"https:\/\/villachandra.com\/en\/contact\/\" target=\"_self\" rel=\"noopener\">\n\t\t\t\t\t\t\tContact us\n\t\t\t\t\t<\/a>","protected":false},"excerpt":{"rendered":"<p>Conditions g\u00e9n\u00e9rales de location R\u00e8glement int\u00e9rieur Arriv\u00e9e : 16:30 &#8211; 22:00 le Samedi ou le Dimanche D\u00e9part : 11:00 Non fumeur Pas d&rsquo;animaux Pas de f\u00eate ni de soir\u00e9e &nbsp; R\u00e8gles suppl\u00e9mentaires Les enfants de moins de 8 ans doivent \u00eatre surveill\u00e9s par leurs parents. Pour les locations au mois il faudra ajouter les consommations&hellip;<\/p>","protected":false},"author":6,"featured_media":0,"parent":0,"menu_order":0,"comment_status":"closed","ping_status":"closed","template":"","meta":{"footnotes":""},"class_list":["post-1527","page","type-page","status-publish","hentry"],"yoast_head":"<!-- This site is optimized with the Yoast SEO plugin v27.4 - https:\/\/yoast.com\/product\/yoast-seo-wordpress\/ -->\n<title>Conditions g\u00e9n\u00e9rales | Villa Chandra<\/title>\n<meta name=\"description\" content=\"Conditions g\u00e9n\u00e9rales de La Villa Chandra (ex maison d\u2019h\u00f4tes Bastide Valmasque) qui est une bastide \u00e0 louer \u00e0 Biot sur la c\u00f4te d&#039;Azur.\" \/>\n<meta name=\"robots\" content=\"index, follow, max-snippet:-1, max-image-preview:large, max-video-preview:-1\" \/>\n<link rel=\"canonical\" href=\"https:\/\/villachandra.com\/en\/termes-et-conditions\/\" \/>\n<meta property=\"og:locale\" content=\"en_GB\" \/>\n<meta property=\"og:type\" content=\"article\" \/>\n<meta property=\"og:title\" content=\"Conditions g\u00e9n\u00e9rales | Villa Chandra\" \/>\n<meta property=\"og:description\" content=\"Conditions g\u00e9n\u00e9rales de La Villa Chandra (ex maison d\u2019h\u00f4tes Bastide Valmasque) qui est une bastide \u00e0 louer \u00e0 Biot sur la c\u00f4te d&#039;Azur.\" \/>\n<meta property=\"og:url\" content=\"https:\/\/villachandra.com\/en\/termes-et-conditions\/\" \/>\n<meta property=\"og:site_name\" content=\"Villa Chandra\" \/>\n<meta property=\"article:modified_time\" content=\"2024-02-21T01:41:12+00:00\" \/>\n<meta name=\"twitter:card\" content=\"summary_large_image\" \/>\n<meta name=\"twitter:label1\" content=\"Estimated reading time\" \/>\n\t<meta name=\"twitter:data1\" content=\"10 minutes\" \/>\n<script type=\"application\/ld+json\" class=\"yoast-schema-graph\">{\"@context\":\"https:\\\/\\\/schema.org\",\"@graph\":[{\"@type\":\"WebPage\",\"@id\":\"https:\\\/\\\/villachandra.com\\\/termes-et-conditions\\\/\",\"url\":\"https:\\\/\\\/villachandra.com\\\/termes-et-conditions\\\/\",\"name\":\"Conditions g\u00e9n\u00e9rales | Villa Chandra\",\"isPartOf\":{\"@id\":\"https:\\\/\\\/villachandra.com\\\/#website\"},\"datePublished\":\"2022-01-08T11:33:55+00:00\",\"dateModified\":\"2024-02-21T01:41:12+00:00\",\"description\":\"Conditions g\u00e9n\u00e9rales de La Villa Chandra (ex maison d\u2019h\u00f4tes Bastide Valmasque) qui est une bastide \u00e0 louer \u00e0 Biot sur la c\u00f4te d'Azur.\",\"breadcrumb\":{\"@id\":\"https:\\\/\\\/villachandra.com\\\/termes-et-conditions\\\/#breadcrumb\"},\"inLanguage\":\"en-GB\",\"potentialAction\":[{\"@type\":\"ReadAction\",\"target\":[\"https:\\\/\\\/villachandra.com\\\/termes-et-conditions\\\/\"]}]},{\"@type\":\"BreadcrumbList\",\"@id\":\"https:\\\/\\\/villachandra.com\\\/termes-et-conditions\\\/#breadcrumb\",\"itemListElement\":[{\"@type\":\"ListItem\",\"position\":1,\"name\":\"Accueil\",\"item\":\"https:\\\/\\\/villachandra.com\\\/\"},{\"@type\":\"ListItem\",\"position\":2,\"name\":\"Termes et conditions\"}]},{\"@type\":\"WebSite\",\"@id\":\"https:\\\/\\\/villachandra.com\\\/#website\",\"url\":\"https:\\\/\\\/villachandra.com\\\/\",\"name\":\"Villa Chandra\",\"description\":\"Villa \u00e0 louer avec piscine \u00e0 Biot, Antibes - C\u00f4te d&#039;Azur\",\"publisher\":{\"@id\":\"https:\\\/\\\/villachandra.com\\\/#organization\"},\"potentialAction\":[{\"@type\":\"SearchAction\",\"target\":{\"@type\":\"EntryPoint\",\"urlTemplate\":\"https:\\\/\\\/villachandra.com\\\/?s={search_term_string}\"},\"query-input\":{\"@type\":\"PropertyValueSpecification\",\"valueRequired\":true,\"valueName\":\"search_term_string\"}}],\"inLanguage\":\"en-GB\"},{\"@type\":\"Organization\",\"@id\":\"https:\\\/\\\/villachandra.com\\\/#organization\",\"name\":\"Villa Chandra\",\"url\":\"https:\\\/\\\/villachandra.com\\\/\",\"logo\":{\"@type\":\"ImageObject\",\"inLanguage\":\"en-GB\",\"@id\":\"https:\\\/\\\/villachandra.com\\\/#\\\/schema\\\/logo\\\/image\\\/\",\"url\":\"https:\\\/\\\/villachandra.com\\\/wp-content\\\/uploads\\\/2021\\\/12\\\/logo-villa-chandra-nb-e1640061586228.jpeg\",\"contentUrl\":\"https:\\\/\\\/villachandra.com\\\/wp-content\\\/uploads\\\/2021\\\/12\\\/logo-villa-chandra-nb-e1640061586228.jpeg\",\"width\":250,\"height\":108,\"caption\":\"Villa Chandra\"},\"image\":{\"@id\":\"https:\\\/\\\/villachandra.com\\\/#\\\/schema\\\/logo\\\/image\\\/\"}}]}<\/script>\n<!-- \/ Yoast SEO plugin. -->","yoast_head_json":{"title":"Conditions g\u00e9n\u00e9rales | Villa Chandra","description":"Conditions g\u00e9n\u00e9rales de La Villa Chandra (ex maison d\u2019h\u00f4tes Bastide Valmasque) qui est une bastide \u00e0 louer \u00e0 Biot sur la c\u00f4te d'Azur.","robots":{"index":"index","follow":"follow","max-snippet":"max-snippet:-1","max-image-preview":"max-image-preview:large","max-video-preview":"max-video-preview:-1"},"canonical":"https:\/\/villachandra.com\/en\/termes-et-conditions\/","og_locale":"en_GB","og_type":"article","og_title":"Conditions g\u00e9n\u00e9rales | Villa Chandra","og_description":"Conditions g\u00e9n\u00e9rales de La Villa Chandra (ex maison d\u2019h\u00f4tes Bastide Valmasque) qui est une bastide \u00e0 louer \u00e0 Biot sur la c\u00f4te d'Azur.","og_url":"https:\/\/villachandra.com\/en\/termes-et-conditions\/","og_site_name":"Villa Chandra","article_modified_time":"2024-02-21T01:41:12+00:00","twitter_card":"summary_large_image","twitter_misc":{"Estimated reading time":"10 minutes"},"schema":{"@context":"https:\/\/schema.org","@graph":[{"@type":"WebPage","@id":"https:\/\/villachandra.com\/termes-et-conditions\/","url":"https:\/\/villachandra.com\/termes-et-conditions\/","name":"Conditions g\u00e9n\u00e9rales | Villa Chandra","isPartOf":{"@id":"https:\/\/villachandra.com\/#website"},"datePublished":"2022-01-08T11:33:55+00:00","dateModified":"2024-02-21T01:41:12+00:00","description":"Conditions g\u00e9n\u00e9rales de La Villa Chandra (ex maison d\u2019h\u00f4tes Bastide Valmasque) qui est une bastide \u00e0 louer \u00e0 Biot sur la c\u00f4te d'Azur.","breadcrumb":{"@id":"https:\/\/villachandra.com\/termes-et-conditions\/#breadcrumb"},"inLanguage":"en-GB","potentialAction":[{"@type":"ReadAction","target":["https:\/\/villachandra.com\/termes-et-conditions\/"]}]},{"@type":"BreadcrumbList","@id":"https:\/\/villachandra.com\/termes-et-conditions\/#breadcrumb","itemListElement":[{"@type":"ListItem","position":1,"name":"Accueil","item":"https:\/\/villachandra.com\/"},{"@type":"ListItem","position":2,"name":"Termes et conditions"}]},{"@type":"WebSite","@id":"https:\/\/villachandra.com\/#website","url":"https:\/\/villachandra.com\/","name":"Villa Chandra","description":"Villa \u00e0 louer avec piscine \u00e0 Biot, Antibes - C\u00f4te d&#039;Azur","publisher":{"@id":"https:\/\/villachandra.com\/#organization"},"potentialAction":[{"@type":"SearchAction","target":{"@type":"EntryPoint","urlTemplate":"https:\/\/villachandra.com\/?s={search_term_string}"},"query-input":{"@type":"PropertyValueSpecification","valueRequired":true,"valueName":"search_term_string"}}],"inLanguage":"en-GB"},{"@type":"Organization","@id":"https:\/\/villachandra.com\/#organization","name":"Villa Chandra","url":"https:\/\/villachandra.com\/","logo":{"@type":"ImageObject","inLanguage":"en-GB","@id":"https:\/\/villachandra.com\/#\/schema\/logo\/image\/","url":"https:\/\/villachandra.com\/wp-content\/uploads\/2021\/12\/logo-villa-chandra-nb-e1640061586228.jpeg","contentUrl":"https:\/\/villachandra.com\/wp-content\/uploads\/2021\/12\/logo-villa-chandra-nb-e1640061586228.jpeg","width":250,"height":108,"caption":"Villa Chandra"},"image":{"@id":"https:\/\/villachandra.com\/#\/schema\/logo\/image\/"}}]}},"_links":{"self":[{"href":"https:\/\/villachandra.com\/en\/wp-json\/wp\/v2\/pages\/1527","targetHints":{"allow":["GET"]}}],"collection":[{"href":"https:\/\/villachandra.com\/en\/wp-json\/wp\/v2\/pages"}],"about":[{"href":"https:\/\/villachandra.com\/en\/wp-json\/wp\/v2\/types\/page"}],"author":[{"embeddable":true,"href":"https:\/\/villachandra.com\/en\/wp-json\/wp\/v2\/users\/6"}],"replies":[{"embeddable":true,"href":"https:\/\/villachandra.com\/en\/wp-json\/wp\/v2\/comments?post=1527"}],"version-history":[{"count":19,"href":"https:\/\/villachandra.com\/en\/wp-json\/wp\/v2\/pages\/1527\/revisions"}],"predecessor-version":[{"id":28421,"href":"https:\/\/villachandra.com\/en\/wp-json\/wp\/v2\/pages\/1527\/revisions\/28421"}],"wp:attachment":[{"href":"https:\/\/villachandra.com\/en\/wp-json\/wp\/v2\/media?parent=1527"}],"curies":[{"name":"wp","href":"https:\/\/api.w.org\/{rel}","templated":true}]}}