{"id":1538,"date":"2022-01-08T13:20:42","date_gmt":"2022-01-08T13:20:42","guid":{"rendered":"https:\/\/villachandra.com\/?page_id=1538"},"modified":"2022-01-24T16:20:10","modified_gmt":"2022-01-24T16:20:10","slug":"equipements","status":"publish","type":"page","link":"https:\/\/villachandra.com\/en\/equipements\/","title":{"rendered":"Equipments"},"content":{"rendered":"<h2>\n\t\tEquipements Villa Chandra\n\t<\/h2>\n\t<strong>Parking<\/strong><br>\nUn parking gratuit et priv\u00e9 pour 4 voitures est disponible sur place (sans r\u00e9servation pr\u00e9alable).<br>\nParking s\u00e9curis\u00e9\n<strong>Internet<\/strong><br>\nUne connexion Wi-Fi est disponible dans tout l&rsquo;\u00e9tablissement gratuitement.\n<strong>Kitchen<\/strong><br>\nMangez quand vous voulez<br>\nCuisine commune<br>\nTable \u00e0 manger<br>\nProduits m\u00e9nagers<br>\nGrille-pain<br>\nPlaque de cuisson<br>\nFour<br>\nS\u00e8che-linge<br>\nUstensiles de cuisine<br>\nBouilloire \u00e9lectrique<br>\nKitchen<br>\nWashing machine<br>\nLave-vaisselle<br>\nMicro-ondes<br>\nR\u00e9frig\u00e9rateur\n<strong>Chambre<\/strong><br>\nLinge de maison<br>\nArmoire ou penderie<br>\nDressing<br>\nGrands lits\n<strong>Salle de bains<\/strong><br>\nPapier toilette<br>\nServiettes<br>\nBaignoire ou douche<br>\nSalle de bains privative<br>\nToilettes<br>\nHair dryer<br>\nDouche\n<strong>Coin salon<\/strong><br>\nPlace \u00e0 la convivialit\u00e9<br>\nCoin repas<br>\nCanap\u00e9<br>\nChemin\u00e9e<br>\nCoin salon<br>\nBureau\n\t<strong>High-tech<\/strong><br>\nStation d&rsquo;accueil pour iPod<br>\nT\u00e9l\u00e9vision \u00e0 \u00e9cran plat<br>\nCha\u00eenes du c\u00e2ble<br>\nCha\u00eenes satellite<br>\nLecteur DVD<br>\nTelevision\n<strong>\u00c9quipements en chambre<\/strong><br>\nConfort suppl\u00e9mentaire<br>\nPrise pr\u00e8s du lit<br>\n\u00c9tendoir<br>\nLit pliant<br>\nPortant<br>\nMoustiquaire<br>\nPrivate entrance<br>\nVentilateur<br>\nMat\u00e9riel de repassage<br>\nIron\n<strong>Accessibilit\u00e9<\/strong><br>\n\u00c9tages sup\u00e9rieurs accessibles uniquement par les escaliers\n<strong>En ext\u00e9rieur<\/strong><br>\nD\u00e9tendez-vous et profitez<br>\nMobilier ext\u00e9rieur<br>\nEspace repas ext\u00e9rieur<br>\n2 terrasses bien expos\u00e9es<br>\nPiscine priv\u00e9e de 4mx10m avec volet \u00e9l\u00e9ctrique de protection<br>\nBalcon<br>\nJardin\n<strong>Parties communes<\/strong><br>\nBiblioth\u00e8que\n<strong>Piscine ext\u00e9rieure<\/strong><br>\nGratuit !<br>\nServiettes de piscine\/de plage<br>\nCouverture de piscine<br>\nJouets pour piscine\n<strong>Bien-\u00eatre<\/strong><br>\nServiettes de piscine<br>\nPlateau \/ bouilloire\n\t<strong>Activit\u00e9s en dehors de l&rsquo;\u00e9tablissement<\/strong><br>\nScuba diving<br>\nBowling<br>\nRandonn\u00e9e<br>\nHiking<br>\nGolf course (within 300m)\n<strong>Ext\u00e9rieur\/Vues<\/strong><br>\nVue sur la piscine<br>\nVue sur le jardin\n<strong>Caract\u00e9ristiques du b\u00e2timent<\/strong><br>\nInd\u00e9pendant\n<strong>Transports<\/strong><br>\nLocation de v\u00e9los (en suppl\u00e9ment)\n<strong>Reception<\/strong><br>\nCurrency exchange\n<strong>Entertainment and family services<\/strong><br>\nBoard games \/ puzzles<br>\nGarde d&rsquo;enfants (en suppl\u00e9ment)<br>\nCleaning services<br>\nDaily maid service (extra charge)\n<strong>Various<\/strong><br>\nAir conditioning in all 5 rooms<br>\nEntirely non-smoking facility<br>\nHeater<br>\n1 Family Room<br>\nNon-smoking rooms\n<strong>Security<\/strong><br>\nFire Extinguishers<br>\nSmoke detectors\n<strong>English<\/strong><br>\nAnglais<br>\nFrench<br>\nItalian\n\t\t\t<a href=\"https:\/\/villachandra.com\/en\/tarifs\/#reservation\" target=\"_self\" role=\"button\" rel=\"noopener\">\n\t\t\t\t\t\t\tUne question ?\n\t\t\t\t\t<\/a>","protected":false},"excerpt":{"rendered":"<p>Equipements Villa Chandra Parking Un parking gratuit et priv\u00e9 pour 4 voitures est disponible sur place (sans r\u00e9servation pr\u00e9alable). Parking s\u00e9curis\u00e9 Internet Une connexion Wi-Fi est disponible dans tout l&rsquo;\u00e9tablissement gratuitement. Cuisine Mangez quand vous voulez Cuisine commune Table \u00e0 manger Produits m\u00e9nagers Grille-pain Plaque de cuisson Four S\u00e8che-linge Ustensiles de cuisine Bouilloire \u00e9lectrique Cuisine&hellip;<\/p>","protected":false},"author":6,"featured_media":0,"parent":0,"menu_order":0,"comment_status":"closed","ping_status":"closed","template":"","meta":{"footnotes":""},"class_list":["post-1538","page","type-page","status-publish","hentry"],"yoast_head":"<!-- This site is optimized with the Yoast SEO plugin v27.6 - https:\/\/yoast.com\/product\/yoast-seo-wordpress\/ -->\n<title>Equipements | Villa Chandra<\/title>\n<meta name=\"description\" content=\"La villa Chandra est en location meubl\u00e9e et privative. Tous est mis \u00e0 votre disposition afin que vous passiez 1 bon moment sur la c\u00f4te d&#039;Azur.\" \/>\n<meta name=\"robots\" content=\"index, follow, max-snippet:-1, max-image-preview:large, max-video-preview:-1\" \/>\n<link rel=\"canonical\" href=\"https:\/\/villachandra.com\/en\/equipements\/\" \/>\n<meta property=\"og:locale\" content=\"en_GB\" \/>\n<meta property=\"og:type\" content=\"article\" \/>\n<meta property=\"og:title\" content=\"Equipements | Villa Chandra\" \/>\n<meta property=\"og:description\" content=\"La villa Chandra est en location meubl\u00e9e et privative. Tous est mis \u00e0 votre disposition afin que vous passiez 1 bon moment sur la c\u00f4te d&#039;Azur.\" \/>\n<meta property=\"og:url\" content=\"https:\/\/villachandra.com\/en\/equipements\/\" \/>\n<meta property=\"og:site_name\" content=\"Villa Chandra\" \/>\n<meta property=\"article:modified_time\" content=\"2022-01-24T16:20:10+00:00\" \/>\n<meta name=\"twitter:card\" content=\"summary_large_image\" \/>\n<meta name=\"twitter:label1\" content=\"Estimated reading time\" \/>\n\t<meta name=\"twitter:data1\" content=\"2 minutes\" \/>\n<script type=\"application\/ld+json\" class=\"yoast-schema-graph\">{\"@context\":\"https:\\\/\\\/schema.org\",\"@graph\":[{\"@type\":\"WebPage\",\"@id\":\"https:\\\/\\\/villachandra.com\\\/equipements\\\/\",\"url\":\"https:\\\/\\\/villachandra.com\\\/equipements\\\/\",\"name\":\"Equipements | Villa Chandra\",\"isPartOf\":{\"@id\":\"https:\\\/\\\/villachandra.com\\\/#website\"},\"datePublished\":\"2022-01-08T13:20:42+00:00\",\"dateModified\":\"2022-01-24T16:20:10+00:00\",\"description\":\"La villa Chandra est en location meubl\u00e9e et privative. Tous est mis \u00e0 votre disposition afin que vous passiez 1 bon moment sur la c\u00f4te d'Azur.\",\"breadcrumb\":{\"@id\":\"https:\\\/\\\/villachandra.com\\\/equipements\\\/#breadcrumb\"},\"inLanguage\":\"en-GB\",\"potentialAction\":[{\"@type\":\"ReadAction\",\"target\":[\"https:\\\/\\\/villachandra.com\\\/equipements\\\/\"]}]},{\"@type\":\"BreadcrumbList\",\"@id\":\"https:\\\/\\\/villachandra.com\\\/equipements\\\/#breadcrumb\",\"itemListElement\":[{\"@type\":\"ListItem\",\"position\":1,\"name\":\"Accueil\",\"item\":\"https:\\\/\\\/villachandra.com\\\/\"},{\"@type\":\"ListItem\",\"position\":2,\"name\":\"Equipements\"}]},{\"@type\":\"WebSite\",\"@id\":\"https:\\\/\\\/villachandra.com\\\/#website\",\"url\":\"https:\\\/\\\/villachandra.com\\\/\",\"name\":\"Villa Chandra\",\"description\":\"Villa \u00e0 louer avec piscine \u00e0 Biot, Antibes - C\u00f4te d&#039;Azur\",\"publisher\":{\"@id\":\"https:\\\/\\\/villachandra.com\\\/#organization\"},\"potentialAction\":[{\"@type\":\"SearchAction\",\"target\":{\"@type\":\"EntryPoint\",\"urlTemplate\":\"https:\\\/\\\/villachandra.com\\\/?s={search_term_string}\"},\"query-input\":{\"@type\":\"PropertyValueSpecification\",\"valueRequired\":true,\"valueName\":\"search_term_string\"}}],\"inLanguage\":\"en-GB\"},{\"@type\":\"Organization\",\"@id\":\"https:\\\/\\\/villachandra.com\\\/#organization\",\"name\":\"Villa Chandra\",\"url\":\"https:\\\/\\\/villachandra.com\\\/\",\"logo\":{\"@type\":\"ImageObject\",\"inLanguage\":\"en-GB\",\"@id\":\"https:\\\/\\\/villachandra.com\\\/#\\\/schema\\\/logo\\\/image\\\/\",\"url\":\"https:\\\/\\\/villachandra.com\\\/wp-content\\\/uploads\\\/2021\\\/12\\\/logo-villa-chandra-nb-e1640061586228.jpeg\",\"contentUrl\":\"https:\\\/\\\/villachandra.com\\\/wp-content\\\/uploads\\\/2021\\\/12\\\/logo-villa-chandra-nb-e1640061586228.jpeg\",\"width\":250,\"height\":108,\"caption\":\"Villa Chandra\"},\"image\":{\"@id\":\"https:\\\/\\\/villachandra.com\\\/#\\\/schema\\\/logo\\\/image\\\/\"}}]}<\/script>\n<!-- \/ Yoast SEO plugin. -->","yoast_head_json":{"title":"Equipements | Villa Chandra","description":"La villa Chandra est en location meubl\u00e9e et privative. Tous est mis \u00e0 votre disposition afin que vous passiez 1 bon moment sur la c\u00f4te d'Azur.","robots":{"index":"index","follow":"follow","max-snippet":"max-snippet:-1","max-image-preview":"max-image-preview:large","max-video-preview":"max-video-preview:-1"},"canonical":"https:\/\/villachandra.com\/en\/equipements\/","og_locale":"en_GB","og_type":"article","og_title":"Equipements | Villa Chandra","og_description":"La villa Chandra est en location meubl\u00e9e et privative. Tous est mis \u00e0 votre disposition afin que vous passiez 1 bon moment sur la c\u00f4te d'Azur.","og_url":"https:\/\/villachandra.com\/en\/equipements\/","og_site_name":"Villa Chandra","article_modified_time":"2022-01-24T16:20:10+00:00","twitter_card":"summary_large_image","twitter_misc":{"Estimated reading time":"2 minutes"},"schema":{"@context":"https:\/\/schema.org","@graph":[{"@type":"WebPage","@id":"https:\/\/villachandra.com\/equipements\/","url":"https:\/\/villachandra.com\/equipements\/","name":"Equipements | Villa Chandra","isPartOf":{"@id":"https:\/\/villachandra.com\/#website"},"datePublished":"2022-01-08T13:20:42+00:00","dateModified":"2022-01-24T16:20:10+00:00","description":"La villa Chandra est en location meubl\u00e9e et privative. Tous est mis \u00e0 votre disposition afin que vous passiez 1 bon moment sur la c\u00f4te d'Azur.","breadcrumb":{"@id":"https:\/\/villachandra.com\/equipements\/#breadcrumb"},"inLanguage":"en-GB","potentialAction":[{"@type":"ReadAction","target":["https:\/\/villachandra.com\/equipements\/"]}]},{"@type":"BreadcrumbList","@id":"https:\/\/villachandra.com\/equipements\/#breadcrumb","itemListElement":[{"@type":"ListItem","position":1,"name":"Accueil","item":"https:\/\/villachandra.com\/"},{"@type":"ListItem","position":2,"name":"Equipements"}]},{"@type":"WebSite","@id":"https:\/\/villachandra.com\/#website","url":"https:\/\/villachandra.com\/","name":"Villa Chandra","description":"Villa \u00e0 louer avec piscine \u00e0 Biot, Antibes - C\u00f4te d&#039;Azur","publisher":{"@id":"https:\/\/villachandra.com\/#organization"},"potentialAction":[{"@type":"SearchAction","target":{"@type":"EntryPoint","urlTemplate":"https:\/\/villachandra.com\/?s={search_term_string}"},"query-input":{"@type":"PropertyValueSpecification","valueRequired":true,"valueName":"search_term_string"}}],"inLanguage":"en-GB"},{"@type":"Organization","@id":"https:\/\/villachandra.com\/#organization","name":"Villa Chandra","url":"https:\/\/villachandra.com\/","logo":{"@type":"ImageObject","inLanguage":"en-GB","@id":"https:\/\/villachandra.com\/#\/schema\/logo\/image\/","url":"https:\/\/villachandra.com\/wp-content\/uploads\/2021\/12\/logo-villa-chandra-nb-e1640061586228.jpeg","contentUrl":"https:\/\/villachandra.com\/wp-content\/uploads\/2021\/12\/logo-villa-chandra-nb-e1640061586228.jpeg","width":250,"height":108,"caption":"Villa Chandra"},"image":{"@id":"https:\/\/villachandra.com\/#\/schema\/logo\/image\/"}}]}},"_links":{"self":[{"href":"https:\/\/villachandra.com\/en\/wp-json\/wp\/v2\/pages\/1538","targetHints":{"allow":["GET"]}}],"collection":[{"href":"https:\/\/villachandra.com\/en\/wp-json\/wp\/v2\/pages"}],"about":[{"href":"https:\/\/villachandra.com\/en\/wp-json\/wp\/v2\/types\/page"}],"author":[{"embeddable":true,"href":"https:\/\/villachandra.com\/en\/wp-json\/wp\/v2\/users\/6"}],"replies":[{"embeddable":true,"href":"https:\/\/villachandra.com\/en\/wp-json\/wp\/v2\/comments?post=1538"}],"version-history":[{"count":6,"href":"https:\/\/villachandra.com\/en\/wp-json\/wp\/v2\/pages\/1538\/revisions"}],"predecessor-version":[{"id":1587,"href":"https:\/\/villachandra.com\/en\/wp-json\/wp\/v2\/pages\/1538\/revisions\/1587"}],"wp:attachment":[{"href":"https:\/\/villachandra.com\/en\/wp-json\/wp\/v2\/media?parent=1538"}],"curies":[{"name":"wp","href":"https:\/\/api.w.org\/{rel}","templated":true}]}}