{"id":16641,"date":"2023-01-09T10:34:33","date_gmt":"2023-01-09T10:34:33","guid":{"rendered":"https:\/\/villachandra.com\/?page_id=16641"},"modified":"2025-10-27T10:01:13","modified_gmt":"2025-10-27T10:01:13","slug":"la-villa-chandra-biot","status":"publish","type":"page","link":"https:\/\/villachandra.com\/en\/la-villa-chandra-biot\/","title":{"rendered":"Villa"},"content":{"rendered":"<p>Welcome to<\/p>\n\t<h1>Villa Chandra<\/h1>\n\t<nav id=\"breadcrumbs\" aria-label=\"Breadcrumbs\"><a href=\"https:\/\/villachandra.com\/en\/\">Home<\/a> &lt; La villa<\/nav>\n\t\t\t\t<img decoding=\"async\" src=\"https:\/\/villachandra.lanageuse.com\/wp-content\/uploads\/2021\/12\/logo-villa-chandra-nb-e1640061586228.jpeg\" alt=\"Logo Villa chandra : villa \u00e0 louer avec piscine \u00e0 Biot, Antibes - C\u00f4te d&#039;Azur\" itemprop=\"image\" title=\"logo-villa-chandra-nb\" onerror=\"this.style.display='none'\" loading=\"lazy\" \/>\n<h2>\n\t\t\tVilla Chandra: Bastide and charming residence\t<\/h2>\n<h2>\n\t\t\tUne villa \u00e0 louer \u00e0 d&rsquo;Antibes sur la C\u00f4te d&rsquo;Azur, \u00e0 5 minutes de la mer et des plages\t<\/h2>\n\t<p class=\"translation-block\"><strong> Villa Chandra <\/strong> is a <strong> 5 bedroom villa, <\/strong> surrounded by a Mediterranean garden (with a newly built swimming pool of the size 4 \u00d7 10 m) which overlooks the course of <a href=\"https:\/\/golfdebiot.fr\/fr\/\" target=\"_ blank\" rel=\"noopener\"> golf de Biot Antibes <\/a>. Our villa is ideally located, between Nice and Cannes, under the walls of the historic village of Biot, famous for its blown glass and its <a href=\"https:\/\/musees-nationaux-alpesmaritimes.fr\/fleger\/\"> Fernand L\u00e9ger museum <\/a>.<\/p>\n<p>Le village de Biot est g\u00e9ographiquement tr\u00e8s central pour les excursions d&rsquo;une journ\u00e9e autour de la C\u00f4te Azur. Valbonne (et son march\u00e9 proven\u00e7al du Vendredi), Grasse et ses parfums, Tourette sur Loup, Antibes et son mus\u00e9e Picasso, St Paul de Vence et sa Fondation Maeght, les Iles de L\u00e9rins.<\/p>\n<p>&nbsp;<\/p>\n\t<p><strong>Equipments<\/strong><\/p>\n<ul>\n<li>2 terraces<\/li>\n<li>a petanque court<\/li>\n<li>4 parking spaces<\/li>\n<li>Free wifi<\/li>\n<li>3 double bedrooms with bathroom<\/li>\n<li>2 suites with bathroom<\/li>\n<li>1 wonderful kitchen<\/li>\n<li>1 dining room, living room, TV room<\/li>\n<li>Excellent bedding<\/li>\n<\/ul>\n\t<p><strong>Villa Chandra is on 3 levels:<\/strong><\/p>\n<ul>\n<li>Ground floor: parking<\/li>\n<li>First floor: entrance, garden, swimming pool, terraces, living room, floor, kitchen<\/li>\n<li>Second floor: The rooms and suites<\/li>\n<\/ul>\n\t<strong>S\u00e9jour minimum de 4 nuits<\/strong><br \/>\n(sauf Juillet et Ao\u00fbt)\n<p>We can organize, on request, drawing, pottery, yoga and cooking classes.<\/p>\n<p>&nbsp;<\/p>\n\t\t\t<a href=\"https:\/\/villachandra.lanageuse.com\/tarifs\/#reservation\" target=\"_self\">\n\t\t\t\t\t\t\tSee the prices\n\t\t\t\t\t<\/a>\n<h2>\n\t\t\tJardin de 3000 m<sup>2<\/sup><br \/>avec piscine et espace Yoga&#8230;\t<\/h2>\n<h2>\n\t\t\tExterior panorama\t<\/h2>\n\t\t\t\t<a href=\"https:\/\/villachandra.com\/wp-content\/uploads\/2021\/12\/Location-Villa-chandra-cote-azur-exterieur-04.jpg\"  target=\"_self\" itemprop=\"url\">\n\t\t\t\t<img decoding=\"async\" src=\"https:\/\/villachandra.com\/wp-content\/uploads\/2021\/12\/Location-Villa-chandra-cote-azur-exterieur-04.jpg\" alt=\"Vue ext\u00e9rieure : Location maison authentique avec piscine - Villa Chandra \u00e0 Biot (06) C\u00f4te d&#039;Azur - Location chambres et suites pour 11 personnes - Jardin arbor\u00e9, terrain de petanque traditionnel, terrain 3000 m\" itemprop=\"image\" height=\"1272\" width=\"1920\" title=\"Location-Villa-chandra-cote-azur-exterieur-04\" onerror=\"this.style.display='none'\" loading=\"lazy\" \/>\n\t\t\t\t<\/a>\n\t<p>Two terraces are at your disposal, a few meters from the swimming pool.<\/p>\n\t\t\t\t<a href=\"https:\/\/villachandra.com\/wp-content\/uploads\/2021\/12\/Location-Villa-chandra-cote-azur-vue-aerienne-01.jpg\"  target=\"_self\" itemprop=\"url\">\n\t\t\t\t<img decoding=\"async\" src=\"https:\/\/villachandra.com\/wp-content\/uploads\/2021\/12\/Location-Villa-chandra-cote-azur-vue-aerienne-01.jpg\" alt=\"Location maison authentique avec piscine - Villa Chandra \u00e0 Biot (06) C\u00f4te d&#039;Azur - Location chambres et suites pour 11 personnes - Jardin arbor\u00e9, terrain de petanque traditionnel, terrain 3000 m\" itemprop=\"image\" height=\"1280\" width=\"1920\" title=\"Location-Villa-chandra-cote-azur-vue-aerienne-01\" onerror=\"this.style.display='none'\" loading=\"lazy\" \/>\n\t\t\t\t<\/a>\n\t<p>La villa Chandra est sur les hauteurs de Biot, \u00e0 quelques km d&rsquo;antibes et du Golf Juan. Le village est \u00e0 700m \u00e0 pied.<\/p>\n\t\t\t\t<a href=\"https:\/\/villachandra.com\/wp-content\/uploads\/2021\/12\/Location-Villa-chandra-cote-azur-exterieur-07.jpg\"  target=\"_self\" itemprop=\"url\">\n\t\t\t\t<img decoding=\"async\" src=\"https:\/\/villachandra.com\/wp-content\/uploads\/2021\/12\/Location-Villa-chandra-cote-azur-exterieur-07.jpg\" alt=\"Vue ext\u00e9rieure : Location maison authentique avec piscine - Villa Chandra \u00e0 Biot (06) C\u00f4te d&#039;Azur - Location chambres et suites pour 11 personnes - Jardin arbor\u00e9, terrain de p\u00e9tanque traditionnel, terrain 3000 m + terrasse ensoleill\u00e9e\" itemprop=\"image\" height=\"1106\" width=\"1920\" title=\"Location-Villa-chandra-cote-azur-exterieur-07\" onerror=\"this.style.display='none'\" loading=\"lazy\" \/>\n\t\t\t\t<\/a>\n\t<p>C&rsquo;est la terrasse id\u00e9ale le matin ou au d\u00e9jeuner, \u00e0 l&rsquo;ombre des parasols. Farniente assur\u00e9 !<\/p>\n\t\t\t\t<a href=\"https:\/\/villachandra.com\/wp-content\/uploads\/2021\/12\/Location-Villa-chandra-cote-azur-exterieur-05.jpg\"  target=\"_self\" itemprop=\"url\">\n\t\t\t\t<img decoding=\"async\" src=\"https:\/\/villachandra.com\/wp-content\/uploads\/2021\/12\/Location-Villa-chandra-cote-azur-exterieur-05.jpg\" alt=\"Location-Villa-chandra-cote-azur-exterieur-05\" itemprop=\"image\" height=\"1280\" width=\"1920\" title=\"Location-Villa-chandra-cote-azur-exterieur-05\" onerror=\"this.style.display='none'\" loading=\"lazy\" \/>\n\t\t\t\t<\/a>\n\t<p>The villa chandra warmly welcomes you. You can park your vehicles easily.<\/p>\n<h2>\n\t\t\tInterior panorama\t<\/h2>\n\t\t\t\t<a href=\"https:\/\/villachandra.com\/wp-content\/uploads\/2021\/12\/Location-Villa-chandra-cote-azur-03.jpg\"  target=\"_self\" itemprop=\"url\">\n\t\t\t\t<img decoding=\"async\" src=\"https:\/\/villachandra.com\/wp-content\/uploads\/2021\/12\/Location-Villa-chandra-cote-azur-03.jpg\" alt=\"Location maison authentique avec piscine - Villa Chandra \u00e0 Biot (06) C\u00f4te d&#039;Azur - Location chambres et suites pour 11 personnes - Jardin, terrain de petanque traditionnel, terrain 3000 m - Salon + piano\" itemprop=\"image\" height=\"1280\" width=\"1920\" title=\"Location-Villa-chandra-cote-azur-03\" onerror=\"this.style.display='none'\" loading=\"lazy\" \/>\n\t\t\t\t<\/a>\n\t<p>A spacious living room to meet up with friends.<\/p>\n\t\t\t\t<a href=\"https:\/\/villachandra.com\/wp-content\/uploads\/2021\/12\/Location-Villa-chandra-cote-azur-interieur-01.jpg\"  target=\"_self\" itemprop=\"url\">\n\t\t\t\t<img decoding=\"async\" src=\"https:\/\/villachandra.com\/wp-content\/uploads\/2021\/12\/Location-Villa-chandra-cote-azur-interieur-01.jpg\" alt=\"Location maison authentique avec piscine - Villa Chandra \u00e0 Biot (06) C\u00f4te d&#039;Azur - Location chambres et suites pour 11 personnes - Jardin, terrain de petanque traditionnel, terrain 3000 m - Salon\" itemprop=\"image\" height=\"1280\" width=\"1920\" title=\"Location-Villa-chandra-cote-azur-interieur-01\" onerror=\"this.style.display='none'\" loading=\"lazy\" \/>\n\t\t\t\t<\/a>\n\t<p>A large TV lounge \/ dining room to relax in front of a good movie.<\/p>\n\t\t\t\t<a href=\"https:\/\/villachandra.com\/wp-content\/uploads\/2021\/12\/Location-Villa-chandra-cote-azur-interieur-02-scaled.jpg\"  target=\"_self\" itemprop=\"url\">\n\t\t\t\t<img decoding=\"async\" src=\"https:\/\/villachandra.com\/wp-content\/uploads\/2021\/12\/Location-Villa-chandra-cote-azur-interieur-02-scaled.jpg\" alt=\"Location maison authentique avec piscine - Villa Chandra \u00e0 Biot (06) C\u00f4te d&#039;Azur - Location chambres et suites pour 11 personnes - Jardin, terrain de p\u00e9tanque traditionnel, terrain 3000 m - Rdc + \u00e9tages\" itemprop=\"image\" height=\"2560\" width=\"1810\" title=\"Location-Villa-chandra-cote-azur-interieur-02\" onerror=\"this.style.display='none'\" loading=\"lazy\" \/>\n\t\t\t\t<\/a>\n\t<p>Notre villa est sur deux \u00e9tages o\u00f9 vous trouverez de l&rsquo;espace, du confort et de l&rsquo;intimit\u00e9. Les pi\u00e8ces sont climatis\u00e9es.<\/p>\n\t\t\t\t<a href=\"https:\/\/villachandra.com\/wp-content\/uploads\/2021\/12\/Location-Villa-chandra-cote-atelier-cours-cuisine.jpg\"  target=\"_self\" itemprop=\"url\">\n\t\t\t\t<img decoding=\"async\" src=\"https:\/\/villachandra.com\/wp-content\/uploads\/2021\/12\/Location-Villa-chandra-cote-atelier-cours-cuisine.jpg\" alt=\"Location maison avec piscine - Villa Chandra \u00e0 Biot (06) C\u00f4te d&#039;Azur - Atelier et cours de cuisine\" itemprop=\"image\" height=\"960\" width=\"1280\" title=\"Location-Villa-chandra-cote-atelier-cours-cuisine\" onerror=\"this.style.display='none'\" loading=\"lazy\" \/>\n\t\t\t\t<\/a>\n\t<p>A very bright fully equipped kitchen. An ideal place to meet and organize cooking workshops or simply prepare a delicious Pissaladi\u00e8re with the family.<\/p>\n<h2>\n\t\t\tLes chambres &#038; suites\t<\/h2>\n\t\t\t\t<a href=\"https:\/\/villachandra.com\/wp-content\/uploads\/2021\/12\/Location-Villa-chandra-cote-azur-chambre-Baga-02.jpg\"  target=\"_self\" itemprop=\"url\">\n\t\t\t\t<img decoding=\"async\" src=\"https:\/\/villachandra.com\/wp-content\/uploads\/2021\/12\/Location-Villa-chandra-cote-azur-chambre-Baga-02.jpg\" alt=\"Location-Villa-chandra-cote-azur-chambre-Baga-02\" itemprop=\"image\" height=\"1278\" width=\"1920\" title=\"Location-Villa-chandra-cote-azur-chambre-Baga-02\" onerror=\"this.style.display='none'\" loading=\"lazy\" \/>\n\t\t\t\t<\/a>\n\t<a href=\"https:\/\/villachandra.com\/en\/location-chambre-biot-baga\/\"><strong>BAGA room<\/strong><\/a><br \/>\nx2 people\n\t<p>This small Baga room is comfortable and warm. It invites you to relax.<\/p>\n\t\t\t\t<a href=\"https:\/\/villachandra.com\/wp-content\/uploads\/2021\/12\/Location-Villa-chandra-cote-azur-chambre-morjim-02.jpg\"  target=\"_self\" itemprop=\"url\">\n\t\t\t\t<img decoding=\"async\" src=\"https:\/\/villachandra.com\/wp-content\/uploads\/2021\/12\/Location-Villa-chandra-cote-azur-chambre-morjim-02.jpg\" alt=\"Location-Villa-chandra-cote-azur-chambre-morjim-02\" itemprop=\"image\" height=\"1440\" width=\"1920\" title=\"Location-Villa-chandra-cote-azur-chambre-morjim-02\" onerror=\"this.style.display='none'\" loading=\"lazy\" \/>\n\t\t\t\t<\/a>\n\t<a href=\"https:\/\/villachandra.com\/en\/location-chambre-biot-morjim\/\"><strong>MORJIM room<\/strong><\/a><br \/>\nx2 people\n\t<p>This room is decorated in shades of orange and green. You will feel immersed in the 60s.<\/p>\n\t\t\t\t<a href=\"https:\/\/villachandra.com\/wp-content\/uploads\/2021\/12\/Location-Villa-chandra-cote-azur-chambre-mapsa-03.jpg\"  target=\"_self\" itemprop=\"url\">\n\t\t\t\t<img decoding=\"async\" src=\"https:\/\/villachandra.com\/wp-content\/uploads\/2021\/12\/Location-Villa-chandra-cote-azur-chambre-mapsa-03.jpg\" alt=\"Location-Villa-chandra-cote-azur-chambre-mapsa-03\" itemprop=\"image\" height=\"1272\" width=\"1920\" title=\"Location-Villa-chandra-cote-azur-chambre-mapsa-03\" onerror=\"this.style.display='none'\" loading=\"lazy\" \/>\n\t\t\t\t<\/a>\n\t<a href=\"https:\/\/villachandra.com\/en\/location-chambre-biot-mapsa\/\"><strong>MAPSA Room<\/strong><\/a><br \/>\nx2 people\n\t<p>This very charming room is decorated in emerald tones. In this large attic bedroom, you will find a king size bed or 2 twin beds.<\/p>\n\n\t\t\t\t<a href=\"https:\/\/villachandra.com\/wp-content\/uploads\/2021\/12\/Location-Villa-chandra-cote-azur-chambre-Candolim-01-1.jpg\"  target=\"_self\" itemprop=\"url\">\n\t\t\t\t<img decoding=\"async\" src=\"https:\/\/villachandra.com\/wp-content\/uploads\/2021\/12\/Location-Villa-chandra-cote-azur-chambre-Candolim-01-1.jpg\" alt=\"Location maison avec piscine - Villa Chandra \u00e0 Biot (06) C\u00f4te d&#039;Azur - Location suite Candolim 3 personnes + 1 enfant - suite familiale\" itemprop=\"image\" height=\"1278\" width=\"1920\" title=\"Location-Villa-chandra-cote-azur-chambre-Candolim-01\" onerror=\"this.style.display='none'\" loading=\"lazy\" \/>\n\t\t\t\t<\/a>\n\t<a href=\"https:\/\/villachandra.com\/en\/location-suite-biot-candolim\/\"><strong>CANDOLIM Suite<\/strong><\/a><br \/>\nx3 people\n\t<p>D\u00e9cor\u00e9e dans des tons argent, cette chambre spacieuse dispose d&rsquo;une vue lat\u00e9rale triple.<\/p>\n\t\t\t\t<a href=\"https:\/\/villachandra.com\/wp-content\/uploads\/2021\/12\/Location-Villa-chandra-cote-azur-chambre-anjuna-02.jpg\"  target=\"_self\" itemprop=\"url\">\n\t\t\t\t<img decoding=\"async\" src=\"https:\/\/villachandra.com\/wp-content\/uploads\/2021\/12\/Location-Villa-chandra-cote-azur-chambre-anjuna-02.jpg\" alt=\"Location maison authentique avec piscine - Villa Chandra \u00e0 Biot (06) C\u00f4te d&#039;Azur - Location chambres et suites pour 11 personnes - Jardin, terrain de petanque traditionnel, terrain 3000 m - Entr\u00e9e\" itemprop=\"image\" height=\"1306\" width=\"1920\" title=\"Location-Villa-chandra-cote-azur-chambre-anjuna-02\" onerror=\"this.style.display='none'\" loading=\"lazy\" \/>\n\t\t\t\t<\/a>\n\t<a href=\"https:\/\/villachandra.com\/en\/location-suite-biot-anjuna\/\"><strong>ANJUNA Suite<\/strong><\/a><br \/>\nx2 people\n\t<p>C&rsquo;est la plus grande chambre de la Villa Chandra . Elle est d\u00e9cor\u00e9e dans des tons am\u00e9thyste<\/p>","protected":false},"excerpt":{"rendered":"<p>Bienvenue \u00e0 la bastide Villa Chandra Accueil &lt; La villa La Villa Chandra : Bastide et demeure de charme Une villa \u00e0 louer \u00e0 d&rsquo;Antibes sur la C\u00f4te d&rsquo;Azur, \u00e0 5 minutes de la mer et des plages Villa Chandra est une villa de 5 chambres, entour\u00e9e d&rsquo;un jardin m\u00e9diterran\u00e9en (avec une piscine nouvellement construite&hellip;<\/p>","protected":false},"author":6,"featured_media":1063,"parent":0,"menu_order":0,"comment_status":"closed","ping_status":"closed","template":"","meta":{"footnotes":""},"class_list":["post-16641","page","type-page","status-publish","has-post-thumbnail","hentry"],"yoast_head":"<!-- This site is optimized with the Yoast SEO plugin v27.4 - https:\/\/yoast.com\/product\/yoast-seo-wordpress\/ -->\n<title>Location Bastide et demeure de charme Antibes \/ Biot | Villa Chandra<\/title>\n<meta name=\"description\" content=\"La Villa Chandra : Bastide et demeure de charme \u00e0 Antibes \/ Biot.Une villa \u00e0 louer \u00e0 sur la C\u00f4te d\u2019Azur, \u00e0 5 minutes de la mer et des plages.\" \/>\n<meta name=\"robots\" content=\"index, follow, max-snippet:-1, max-image-preview:large, max-video-preview:-1\" \/>\n<link rel=\"canonical\" href=\"https:\/\/villachandra.com\/en\/la-villa-chandra-biot\/\" \/>\n<meta property=\"og:locale\" content=\"en_GB\" \/>\n<meta property=\"og:type\" content=\"article\" \/>\n<meta property=\"og:title\" content=\"Location Bastide et demeure de charme Antibes \/ Biot | Villa Chandra\" \/>\n<meta property=\"og:description\" content=\"La Villa Chandra : Bastide et demeure de charme \u00e0 Antibes \/ Biot.Une villa \u00e0 louer \u00e0 sur la C\u00f4te d\u2019Azur, \u00e0 5 minutes de la mer et des plages.\" \/>\n<meta property=\"og:url\" content=\"https:\/\/villachandra.com\/en\/la-villa-chandra-biot\/\" \/>\n<meta property=\"og:site_name\" content=\"Villa Chandra\" \/>\n<meta property=\"article:modified_time\" content=\"2025-10-27T10:01:13+00:00\" \/>\n<meta property=\"og:image\" content=\"https:\/\/villachandra.com\/wp-content\/uploads\/2021\/12\/Location-Villa-chandra-cote-azur-01.jpg\" \/>\n\t<meta property=\"og:image:width\" content=\"1920\" \/>\n\t<meta property=\"og:image:height\" content=\"907\" \/>\n\t<meta property=\"og:image:type\" content=\"image\/jpeg\" \/>\n<meta name=\"twitter:card\" content=\"summary_large_image\" \/>\n<meta name=\"twitter:label1\" content=\"Estimated reading time\" \/>\n\t<meta name=\"twitter:data1\" content=\"6 minutes\" \/>\n<script type=\"application\/ld+json\" class=\"yoast-schema-graph\">{\"@context\":\"https:\\\/\\\/schema.org\",\"@graph\":[{\"@type\":\"WebPage\",\"@id\":\"https:\\\/\\\/villachandra.com\\\/la-villa-chandra-biot\\\/\",\"url\":\"https:\\\/\\\/villachandra.com\\\/la-villa-chandra-biot\\\/\",\"name\":\"Location Bastide et demeure de charme Antibes \\\/ Biot | Villa Chandra\",\"isPartOf\":{\"@id\":\"https:\\\/\\\/villachandra.com\\\/#website\"},\"primaryImageOfPage\":{\"@id\":\"https:\\\/\\\/villachandra.com\\\/la-villa-chandra-biot\\\/#primaryimage\"},\"image\":{\"@id\":\"https:\\\/\\\/villachandra.com\\\/la-villa-chandra-biot\\\/#primaryimage\"},\"thumbnailUrl\":\"https:\\\/\\\/villachandra.com\\\/wp-content\\\/uploads\\\/2021\\\/12\\\/Location-Villa-chandra-cote-azur-01.jpg\",\"datePublished\":\"2023-01-09T10:34:33+00:00\",\"dateModified\":\"2025-10-27T10:01:13+00:00\",\"description\":\"La Villa Chandra : Bastide et demeure de charme \u00e0 Antibes \\\/ Biot.Une villa \u00e0 louer \u00e0 sur la C\u00f4te d\u2019Azur, \u00e0 5 minutes de la mer et des plages.\",\"breadcrumb\":{\"@id\":\"https:\\\/\\\/villachandra.com\\\/la-villa-chandra-biot\\\/#breadcrumb\"},\"inLanguage\":\"en-GB\",\"potentialAction\":[{\"@type\":\"ReadAction\",\"target\":[\"https:\\\/\\\/villachandra.com\\\/la-villa-chandra-biot\\\/\"]}]},{\"@type\":\"ImageObject\",\"inLanguage\":\"en-GB\",\"@id\":\"https:\\\/\\\/villachandra.com\\\/la-villa-chandra-biot\\\/#primaryimage\",\"url\":\"https:\\\/\\\/villachandra.com\\\/wp-content\\\/uploads\\\/2021\\\/12\\\/Location-Villa-chandra-cote-azur-01.jpg\",\"contentUrl\":\"https:\\\/\\\/villachandra.com\\\/wp-content\\\/uploads\\\/2021\\\/12\\\/Location-Villa-chandra-cote-azur-01.jpg\",\"width\":1920,\"height\":907,\"caption\":\"Photo location Villa Chandra - Bastide et demeure de charme \u00e0 louer \u00e0 Antibes, 5mn de la mer\"},{\"@type\":\"BreadcrumbList\",\"@id\":\"https:\\\/\\\/villachandra.com\\\/la-villa-chandra-biot\\\/#breadcrumb\",\"itemListElement\":[{\"@type\":\"ListItem\",\"position\":1,\"name\":\"Accueil\",\"item\":\"https:\\\/\\\/villachandra.com\\\/\"},{\"@type\":\"ListItem\",\"position\":2,\"name\":\"La villa\"}]},{\"@type\":\"WebSite\",\"@id\":\"https:\\\/\\\/villachandra.com\\\/#website\",\"url\":\"https:\\\/\\\/villachandra.com\\\/\",\"name\":\"Villa Chandra\",\"description\":\"Villa \u00e0 louer avec piscine \u00e0 Biot, Antibes - C\u00f4te d&#039;Azur\",\"publisher\":{\"@id\":\"https:\\\/\\\/villachandra.com\\\/#organization\"},\"potentialAction\":[{\"@type\":\"SearchAction\",\"target\":{\"@type\":\"EntryPoint\",\"urlTemplate\":\"https:\\\/\\\/villachandra.com\\\/?s={search_term_string}\"},\"query-input\":{\"@type\":\"PropertyValueSpecification\",\"valueRequired\":true,\"valueName\":\"search_term_string\"}}],\"inLanguage\":\"en-GB\"},{\"@type\":\"Organization\",\"@id\":\"https:\\\/\\\/villachandra.com\\\/#organization\",\"name\":\"Villa Chandra\",\"url\":\"https:\\\/\\\/villachandra.com\\\/\",\"logo\":{\"@type\":\"ImageObject\",\"inLanguage\":\"en-GB\",\"@id\":\"https:\\\/\\\/villachandra.com\\\/#\\\/schema\\\/logo\\\/image\\\/\",\"url\":\"https:\\\/\\\/villachandra.com\\\/wp-content\\\/uploads\\\/2021\\\/12\\\/logo-villa-chandra-nb-e1640061586228.jpeg\",\"contentUrl\":\"https:\\\/\\\/villachandra.com\\\/wp-content\\\/uploads\\\/2021\\\/12\\\/logo-villa-chandra-nb-e1640061586228.jpeg\",\"width\":250,\"height\":108,\"caption\":\"Villa Chandra\"},\"image\":{\"@id\":\"https:\\\/\\\/villachandra.com\\\/#\\\/schema\\\/logo\\\/image\\\/\"}}]}<\/script>\n<!-- \/ Yoast SEO plugin. -->","yoast_head_json":{"title":"Location Bastide et demeure de charme Antibes \/ Biot | Villa Chandra","description":"La Villa Chandra : Bastide et demeure de charme \u00e0 Antibes \/ Biot.Une villa \u00e0 louer \u00e0 sur la C\u00f4te d\u2019Azur, \u00e0 5 minutes de la mer et des plages.","robots":{"index":"index","follow":"follow","max-snippet":"max-snippet:-1","max-image-preview":"max-image-preview:large","max-video-preview":"max-video-preview:-1"},"canonical":"https:\/\/villachandra.com\/en\/la-villa-chandra-biot\/","og_locale":"en_GB","og_type":"article","og_title":"Location Bastide et demeure de charme Antibes \/ Biot | Villa Chandra","og_description":"La Villa Chandra : Bastide et demeure de charme \u00e0 Antibes \/ Biot.Une villa \u00e0 louer \u00e0 sur la C\u00f4te d\u2019Azur, \u00e0 5 minutes de la mer et des plages.","og_url":"https:\/\/villachandra.com\/en\/la-villa-chandra-biot\/","og_site_name":"Villa Chandra","article_modified_time":"2025-10-27T10:01:13+00:00","og_image":[{"width":1920,"height":907,"url":"https:\/\/villachandra.com\/wp-content\/uploads\/2021\/12\/Location-Villa-chandra-cote-azur-01.jpg","type":"image\/jpeg"}],"twitter_card":"summary_large_image","twitter_misc":{"Estimated reading time":"6 minutes"},"schema":{"@context":"https:\/\/schema.org","@graph":[{"@type":"WebPage","@id":"https:\/\/villachandra.com\/la-villa-chandra-biot\/","url":"https:\/\/villachandra.com\/la-villa-chandra-biot\/","name":"Location Bastide et demeure de charme Antibes \/ Biot | Villa Chandra","isPartOf":{"@id":"https:\/\/villachandra.com\/#website"},"primaryImageOfPage":{"@id":"https:\/\/villachandra.com\/la-villa-chandra-biot\/#primaryimage"},"image":{"@id":"https:\/\/villachandra.com\/la-villa-chandra-biot\/#primaryimage"},"thumbnailUrl":"https:\/\/villachandra.com\/wp-content\/uploads\/2021\/12\/Location-Villa-chandra-cote-azur-01.jpg","datePublished":"2023-01-09T10:34:33+00:00","dateModified":"2025-10-27T10:01:13+00:00","description":"La Villa Chandra : Bastide et demeure de charme \u00e0 Antibes \/ Biot.Une villa \u00e0 louer \u00e0 sur la C\u00f4te d\u2019Azur, \u00e0 5 minutes de la mer et des plages.","breadcrumb":{"@id":"https:\/\/villachandra.com\/la-villa-chandra-biot\/#breadcrumb"},"inLanguage":"en-GB","potentialAction":[{"@type":"ReadAction","target":["https:\/\/villachandra.com\/la-villa-chandra-biot\/"]}]},{"@type":"ImageObject","inLanguage":"en-GB","@id":"https:\/\/villachandra.com\/la-villa-chandra-biot\/#primaryimage","url":"https:\/\/villachandra.com\/wp-content\/uploads\/2021\/12\/Location-Villa-chandra-cote-azur-01.jpg","contentUrl":"https:\/\/villachandra.com\/wp-content\/uploads\/2021\/12\/Location-Villa-chandra-cote-azur-01.jpg","width":1920,"height":907,"caption":"Photo location Villa Chandra - Bastide et demeure de charme \u00e0 louer \u00e0 Antibes, 5mn de la mer"},{"@type":"BreadcrumbList","@id":"https:\/\/villachandra.com\/la-villa-chandra-biot\/#breadcrumb","itemListElement":[{"@type":"ListItem","position":1,"name":"Accueil","item":"https:\/\/villachandra.com\/"},{"@type":"ListItem","position":2,"name":"La villa"}]},{"@type":"WebSite","@id":"https:\/\/villachandra.com\/#website","url":"https:\/\/villachandra.com\/","name":"Villa Chandra","description":"Villa \u00e0 louer avec piscine \u00e0 Biot, Antibes - C\u00f4te d&#039;Azur","publisher":{"@id":"https:\/\/villachandra.com\/#organization"},"potentialAction":[{"@type":"SearchAction","target":{"@type":"EntryPoint","urlTemplate":"https:\/\/villachandra.com\/?s={search_term_string}"},"query-input":{"@type":"PropertyValueSpecification","valueRequired":true,"valueName":"search_term_string"}}],"inLanguage":"en-GB"},{"@type":"Organization","@id":"https:\/\/villachandra.com\/#organization","name":"Villa Chandra","url":"https:\/\/villachandra.com\/","logo":{"@type":"ImageObject","inLanguage":"en-GB","@id":"https:\/\/villachandra.com\/#\/schema\/logo\/image\/","url":"https:\/\/villachandra.com\/wp-content\/uploads\/2021\/12\/logo-villa-chandra-nb-e1640061586228.jpeg","contentUrl":"https:\/\/villachandra.com\/wp-content\/uploads\/2021\/12\/logo-villa-chandra-nb-e1640061586228.jpeg","width":250,"height":108,"caption":"Villa Chandra"},"image":{"@id":"https:\/\/villachandra.com\/#\/schema\/logo\/image\/"}}]}},"_links":{"self":[{"href":"https:\/\/villachandra.com\/en\/wp-json\/wp\/v2\/pages\/16641","targetHints":{"allow":["GET"]}}],"collection":[{"href":"https:\/\/villachandra.com\/en\/wp-json\/wp\/v2\/pages"}],"about":[{"href":"https:\/\/villachandra.com\/en\/wp-json\/wp\/v2\/types\/page"}],"author":[{"embeddable":true,"href":"https:\/\/villachandra.com\/en\/wp-json\/wp\/v2\/users\/6"}],"replies":[{"embeddable":true,"href":"https:\/\/villachandra.com\/en\/wp-json\/wp\/v2\/comments?post=16641"}],"version-history":[{"count":9,"href":"https:\/\/villachandra.com\/en\/wp-json\/wp\/v2\/pages\/16641\/revisions"}],"predecessor-version":[{"id":28525,"href":"https:\/\/villachandra.com\/en\/wp-json\/wp\/v2\/pages\/16641\/revisions\/28525"}],"wp:featuredmedia":[{"embeddable":true,"href":"https:\/\/villachandra.com\/en\/wp-json\/wp\/v2\/media\/1063"}],"wp:attachment":[{"href":"https:\/\/villachandra.com\/en\/wp-json\/wp\/v2\/media?parent=16641"}],"curies":[{"name":"wp","href":"https:\/\/api.w.org\/{rel}","templated":true}]}}