{"id":343,"date":"2021-03-17T11:09:55","date_gmt":"2021-03-17T11:09:55","guid":{"rendered":"https:\/\/villachandra.com\/?page_id=343"},"modified":"2022-12-10T17:31:19","modified_gmt":"2022-12-10T17:31:19","slug":"evenements-biot-cote-d-azur","status":"publish","type":"page","link":"https:\/\/villachandra.com\/en\/evenements-biot-cote-d-azur\/","title":{"rendered":"Guidebook"},"content":{"rendered":"<h2>\n\t\tEVENT GUIDEBOOK\n\t<\/h2>\n\t<p class=\"translation-block\">From Villa Chandra we recommend excursions to neighboring villages. Valbonne, Antibes (its Provencal market and the Picasso Museum), St Paul de Vence (and its Maeght Foundation - <a href=\"https:\/\/www.fondation-maeght.com\/\" target=\"_ blank\" rel=\"noopener noreferrer \"> https:\/\/www.fondation-maeght.com <\/a>).<\/p>\n<p class=\"translation-block\">The perfumeries of Grasse, Monaco, Roquebrune Cap Martin, St jean Cap Ferrat (his villa Ephrussi de Rothschild - <a href=\"http:\/\/www.villa-ephrussi.com\/\" target=\"_ blank\" rel=\"noopener noreferrer \"> http:\/\/www.villa-ephrussi.com <\/a>) and Tourrettes sur Loup are also must-see places.<\/p>\n<p>&nbsp;<\/p>\n<p><strong>USEFUL INFOS &amp; LINKS:&nbsp;<\/strong><\/p>\n<ul>\n<li class=\"translation-block\"><a href=\"https:\/\/www.cannes.com\/fr\/cadre-de-vie\/transports\/se-deplacer-dans-cannes\/liaisons-maritimes.html\" target=\"_blank\" rel=\"noopener\"> Maritime shuttles from Cannes <\/a> or Juan les Pins to the L\u00e9rins Islands: St Honorat (and its monastery) and Sainte Marguerite.<\/li>\n<li class=\"translation-block\">Around the Earth exhibition until July 12 of biotois talents <a href=\"https:\/\/www.biot-tourisme.com\/\" target=\"_self\"> https:\/\/www.biot-tourisme.com <\/a><\/li>\n<li>During the summer you can attend the Jazz Festivals of Juan-les-Pins or Nice.<\/li>\n<li>You can also listen to concerts at. <a href=\"https:\/\/www.nuitsdusud.com\/\" target=\"_blank\" rel=\"noopener\">Nights of Vence<\/a>.<\/li>\n<li>Every Thursday evening in July and August (until the 23rd), the artists put on their show in the streets of Biot.<\/li>\n<li><a href=\"https:\/\/www.mipim.com\/en-gb\/register.html?gclid=CjwKCAiAtouOBhA6EiwA2nLKH1WoBdMAQVi4GyO2D_Es-ar6m0x7MvG0PTiAjh3-Wi_VJvjT2ww0AxoCLp4QAvD_BwE\" target=\"_blank\" rel=\"noopener\">MIPIM real estate in Cannes<\/a> du 14 au 17 Mars 2023<\/li>\n<li><a href=\"https:\/\/www.festival-cannes.com\/fr\/\" target=\"_blank\" rel=\"noopener\">Cannes International Film Festival<\/a> : du 16 au 27 Mai 2023<\/li>\n<li><a href=\"https:\/\/www.canneslions.com\/\" target=\"_blank\" rel=\"noopener\">Cannes Lions<\/a> du 19 au 23 Juin 2023<\/li>\n<li><a href=\"https:\/\/www.nicejazzfestival.fr\/fr\/\" target=\"_blank\" rel=\"noopener\">Festival Jazz \u00e0 Nice<\/a> du 15 au 19 Juillet 2023<\/li>\n<li>Voiles d&rsquo;Antibes du 31 Mai au 4 Juin<\/li>\n<\/ul>\n<h2>\n\t\tTHE ESSENTIAL PLACES IN BIOT <br>AND FRENCH RIVIERA\n\t<\/h2>\n\t\t\t\t<img loading=\"lazy\" decoding=\"async\" src=\"https:\/\/villachandra.com\/wp-content\/uploads\/2021\/12\/things_todo_3.jpeg\" alt=\"things_todo_3\" itemprop=\"image\" title=\"things_todo_3\" onerror=\"this.style.display='none'\" width=\"1280\" height=\"525\">\n<h4>\n\t\tNATURE\n\t<\/h4>\n<h3>\n\t\t<a href=\"https:\/\/www.biot-tourisme.com\/\" title=\"EXCURSIONS D'UNE JOURN\u00c9E SUR LA C\u00d4TE D'AZUR\" target=\"_self\" rel=\"noopener\">\n\t\tEXCURSIONS D&rsquo;UNE JOURN\u00c9E SUR LA C\u00d4TE D&rsquo;AZUR\n\t\t<\/a>\n\t<\/h3>\n\t<p>Biot est g\u00e9ographiquement tr\u00e8s bien situ\u00e9 pour les excursions d&rsquo;une journ\u00e9e sur la&nbsp;&nbsp;C\u00f4te Azur et en Provence. Quelque chose que vous ne regretterez pas de visiter !<\/p>\n<h4>\n\t\tCULTURE\n\t<\/h4>\n<h2>\n\t\tFERNAND LEGER MUSEUM\n\t<\/h2>\n\t<p>Faites un pas dans le temps et d\u00e9couvrez l\u2019un des plus grands mouvements d\u2019art du 20\u00e8me si\u00e8cle.<\/p>\n<h4>\n\t\tBIOT CRAFTS\n\t<\/h4>\n<h2>\n\t\tGLASS BLOWING\n\t<\/h2>\n\t<p>Assistez \u00e0 la cr\u00e9ation d&rsquo;une pi\u00e8ce en verre souffl\u00e9, sp\u00e9cialit\u00e9 de Biot.<\/p>","protected":false},"excerpt":{"rendered":"<p>GUIDEBOOK \u00c9V\u00c9NEMENTIEL A partir de la villa Chandra, nous recommandons des excursions dans les villages voisins. Valbonne, Antibes (son march\u00e9 proven\u00e7al et le Mus\u00e9e Picasso), St Paul de Vence (et sa Fondation Maeght &#8211; https:\/\/www.fondation-maeght.com&nbsp;) . Les parfumeries de Grasse, Monaco, Roquebrune Cap Martin, St jean Cap Ferrat( sa villa Ephrussi de Rothschild &#8211;&nbsp; http:\/\/www.villa-ephrussi.com)&hellip;<\/p>","protected":false},"author":6,"featured_media":0,"parent":0,"menu_order":0,"comment_status":"closed","ping_status":"closed","template":"","meta":{"footnotes":""},"class_list":["post-343","page","type-page","status-publish","hentry"],"yoast_head":"<!-- This site is optimized with the Yoast SEO plugin v27.4 - https:\/\/yoast.com\/product\/yoast-seo-wordpress\/ -->\n<title>Guidebook S\u00e9jour C\u00f4te d&#039;Azur | Villa Chandra<\/title>\n<meta name=\"description\" content=\"Guidebook s\u00e9jour Villa Chandra : A partir de la villa Chandra, nous recommandons des excursions dans les villages voisins. Valbonne, Antibes\" \/>\n<meta name=\"robots\" content=\"index, follow, max-snippet:-1, max-image-preview:large, max-video-preview:-1\" \/>\n<link rel=\"canonical\" href=\"https:\/\/villachandra.com\/en\/evenements-biot-cote-d-azur\/\" \/>\n<meta property=\"og:locale\" content=\"en_GB\" \/>\n<meta property=\"og:type\" content=\"article\" \/>\n<meta property=\"og:title\" content=\"Guidebook S\u00e9jour C\u00f4te d&#039;Azur | Villa Chandra\" \/>\n<meta property=\"og:description\" content=\"Guidebook s\u00e9jour Villa Chandra : A partir de la villa Chandra, nous recommandons des excursions dans les villages voisins. Valbonne, Antibes\" \/>\n<meta property=\"og:url\" content=\"https:\/\/villachandra.com\/en\/evenements-biot-cote-d-azur\/\" \/>\n<meta property=\"og:site_name\" content=\"Villa Chandra\" \/>\n<meta property=\"article:modified_time\" content=\"2022-12-10T17:31:19+00:00\" \/>\n<meta property=\"og:image\" content=\"https:\/\/villachandra.com\/wp-content\/uploads\/2021\/12\/things_todo_3.jpeg\" \/>\n<meta name=\"twitter:card\" content=\"summary_large_image\" \/>\n<meta name=\"twitter:label1\" content=\"Estimated reading time\" \/>\n\t<meta name=\"twitter:data1\" content=\"2 minutes\" \/>\n<script type=\"application\/ld+json\" class=\"yoast-schema-graph\">{\"@context\":\"https:\\\/\\\/schema.org\",\"@graph\":[{\"@type\":\"WebPage\",\"@id\":\"https:\\\/\\\/villachandra.com\\\/evenements-biot-cote-d-azur\\\/\",\"url\":\"https:\\\/\\\/villachandra.com\\\/evenements-biot-cote-d-azur\\\/\",\"name\":\"Guidebook S\u00e9jour C\u00f4te d'Azur | Villa Chandra\",\"isPartOf\":{\"@id\":\"https:\\\/\\\/villachandra.com\\\/#website\"},\"primaryImageOfPage\":{\"@id\":\"https:\\\/\\\/villachandra.com\\\/evenements-biot-cote-d-azur\\\/#primaryimage\"},\"image\":{\"@id\":\"https:\\\/\\\/villachandra.com\\\/evenements-biot-cote-d-azur\\\/#primaryimage\"},\"thumbnailUrl\":\"https:\\\/\\\/villachandra.com\\\/wp-content\\\/uploads\\\/2021\\\/12\\\/things_todo_3.jpeg\",\"datePublished\":\"2021-03-17T11:09:55+00:00\",\"dateModified\":\"2022-12-10T17:31:19+00:00\",\"description\":\"Guidebook s\u00e9jour Villa Chandra : A partir de la villa Chandra, nous recommandons des excursions dans les villages voisins. Valbonne, Antibes\",\"breadcrumb\":{\"@id\":\"https:\\\/\\\/villachandra.com\\\/evenements-biot-cote-d-azur\\\/#breadcrumb\"},\"inLanguage\":\"en-GB\",\"potentialAction\":[{\"@type\":\"ReadAction\",\"target\":[\"https:\\\/\\\/villachandra.com\\\/evenements-biot-cote-d-azur\\\/\"]}]},{\"@type\":\"ImageObject\",\"inLanguage\":\"en-GB\",\"@id\":\"https:\\\/\\\/villachandra.com\\\/evenements-biot-cote-d-azur\\\/#primaryimage\",\"url\":\"https:\\\/\\\/villachandra.com\\\/wp-content\\\/uploads\\\/2021\\\/12\\\/things_todo_3.jpeg\",\"contentUrl\":\"https:\\\/\\\/villachandra.com\\\/wp-content\\\/uploads\\\/2021\\\/12\\\/things_todo_3.jpeg\"},{\"@type\":\"BreadcrumbList\",\"@id\":\"https:\\\/\\\/villachandra.com\\\/evenements-biot-cote-d-azur\\\/#breadcrumb\",\"itemListElement\":[{\"@type\":\"ListItem\",\"position\":1,\"name\":\"Accueil\",\"item\":\"https:\\\/\\\/villachandra.com\\\/\"},{\"@type\":\"ListItem\",\"position\":2,\"name\":\"Guidebook\"}]},{\"@type\":\"WebSite\",\"@id\":\"https:\\\/\\\/villachandra.com\\\/#website\",\"url\":\"https:\\\/\\\/villachandra.com\\\/\",\"name\":\"Villa Chandra\",\"description\":\"Villa \u00e0 louer avec piscine \u00e0 Biot, Antibes - C\u00f4te d&#039;Azur\",\"publisher\":{\"@id\":\"https:\\\/\\\/villachandra.com\\\/#organization\"},\"potentialAction\":[{\"@type\":\"SearchAction\",\"target\":{\"@type\":\"EntryPoint\",\"urlTemplate\":\"https:\\\/\\\/villachandra.com\\\/?s={search_term_string}\"},\"query-input\":{\"@type\":\"PropertyValueSpecification\",\"valueRequired\":true,\"valueName\":\"search_term_string\"}}],\"inLanguage\":\"en-GB\"},{\"@type\":\"Organization\",\"@id\":\"https:\\\/\\\/villachandra.com\\\/#organization\",\"name\":\"Villa Chandra\",\"url\":\"https:\\\/\\\/villachandra.com\\\/\",\"logo\":{\"@type\":\"ImageObject\",\"inLanguage\":\"en-GB\",\"@id\":\"https:\\\/\\\/villachandra.com\\\/#\\\/schema\\\/logo\\\/image\\\/\",\"url\":\"https:\\\/\\\/villachandra.com\\\/wp-content\\\/uploads\\\/2021\\\/12\\\/logo-villa-chandra-nb-e1640061586228.jpeg\",\"contentUrl\":\"https:\\\/\\\/villachandra.com\\\/wp-content\\\/uploads\\\/2021\\\/12\\\/logo-villa-chandra-nb-e1640061586228.jpeg\",\"width\":250,\"height\":108,\"caption\":\"Villa Chandra\"},\"image\":{\"@id\":\"https:\\\/\\\/villachandra.com\\\/#\\\/schema\\\/logo\\\/image\\\/\"}}]}<\/script>\n<!-- \/ Yoast SEO plugin. -->","yoast_head_json":{"title":"Guidebook S\u00e9jour C\u00f4te d'Azur | Villa Chandra","description":"Guidebook s\u00e9jour Villa Chandra : A partir de la villa Chandra, nous recommandons des excursions dans les villages voisins. Valbonne, Antibes","robots":{"index":"index","follow":"follow","max-snippet":"max-snippet:-1","max-image-preview":"max-image-preview:large","max-video-preview":"max-video-preview:-1"},"canonical":"https:\/\/villachandra.com\/en\/evenements-biot-cote-d-azur\/","og_locale":"en_GB","og_type":"article","og_title":"Guidebook S\u00e9jour C\u00f4te d'Azur | Villa Chandra","og_description":"Guidebook s\u00e9jour Villa Chandra : A partir de la villa Chandra, nous recommandons des excursions dans les villages voisins. Valbonne, Antibes","og_url":"https:\/\/villachandra.com\/en\/evenements-biot-cote-d-azur\/","og_site_name":"Villa Chandra","article_modified_time":"2022-12-10T17:31:19+00:00","og_image":[{"url":"https:\/\/villachandra.com\/wp-content\/uploads\/2021\/12\/things_todo_3.jpeg","type":"","width":"","height":""}],"twitter_card":"summary_large_image","twitter_misc":{"Estimated reading time":"2 minutes"},"schema":{"@context":"https:\/\/schema.org","@graph":[{"@type":"WebPage","@id":"https:\/\/villachandra.com\/evenements-biot-cote-d-azur\/","url":"https:\/\/villachandra.com\/evenements-biot-cote-d-azur\/","name":"Guidebook S\u00e9jour C\u00f4te d'Azur | Villa Chandra","isPartOf":{"@id":"https:\/\/villachandra.com\/#website"},"primaryImageOfPage":{"@id":"https:\/\/villachandra.com\/evenements-biot-cote-d-azur\/#primaryimage"},"image":{"@id":"https:\/\/villachandra.com\/evenements-biot-cote-d-azur\/#primaryimage"},"thumbnailUrl":"https:\/\/villachandra.com\/wp-content\/uploads\/2021\/12\/things_todo_3.jpeg","datePublished":"2021-03-17T11:09:55+00:00","dateModified":"2022-12-10T17:31:19+00:00","description":"Guidebook s\u00e9jour Villa Chandra : A partir de la villa Chandra, nous recommandons des excursions dans les villages voisins. Valbonne, Antibes","breadcrumb":{"@id":"https:\/\/villachandra.com\/evenements-biot-cote-d-azur\/#breadcrumb"},"inLanguage":"en-GB","potentialAction":[{"@type":"ReadAction","target":["https:\/\/villachandra.com\/evenements-biot-cote-d-azur\/"]}]},{"@type":"ImageObject","inLanguage":"en-GB","@id":"https:\/\/villachandra.com\/evenements-biot-cote-d-azur\/#primaryimage","url":"https:\/\/villachandra.com\/wp-content\/uploads\/2021\/12\/things_todo_3.jpeg","contentUrl":"https:\/\/villachandra.com\/wp-content\/uploads\/2021\/12\/things_todo_3.jpeg"},{"@type":"BreadcrumbList","@id":"https:\/\/villachandra.com\/evenements-biot-cote-d-azur\/#breadcrumb","itemListElement":[{"@type":"ListItem","position":1,"name":"Accueil","item":"https:\/\/villachandra.com\/"},{"@type":"ListItem","position":2,"name":"Guidebook"}]},{"@type":"WebSite","@id":"https:\/\/villachandra.com\/#website","url":"https:\/\/villachandra.com\/","name":"Villa Chandra","description":"Villa \u00e0 louer avec piscine \u00e0 Biot, Antibes - C\u00f4te d&#039;Azur","publisher":{"@id":"https:\/\/villachandra.com\/#organization"},"potentialAction":[{"@type":"SearchAction","target":{"@type":"EntryPoint","urlTemplate":"https:\/\/villachandra.com\/?s={search_term_string}"},"query-input":{"@type":"PropertyValueSpecification","valueRequired":true,"valueName":"search_term_string"}}],"inLanguage":"en-GB"},{"@type":"Organization","@id":"https:\/\/villachandra.com\/#organization","name":"Villa Chandra","url":"https:\/\/villachandra.com\/","logo":{"@type":"ImageObject","inLanguage":"en-GB","@id":"https:\/\/villachandra.com\/#\/schema\/logo\/image\/","url":"https:\/\/villachandra.com\/wp-content\/uploads\/2021\/12\/logo-villa-chandra-nb-e1640061586228.jpeg","contentUrl":"https:\/\/villachandra.com\/wp-content\/uploads\/2021\/12\/logo-villa-chandra-nb-e1640061586228.jpeg","width":250,"height":108,"caption":"Villa Chandra"},"image":{"@id":"https:\/\/villachandra.com\/#\/schema\/logo\/image\/"}}]}},"_links":{"self":[{"href":"https:\/\/villachandra.com\/en\/wp-json\/wp\/v2\/pages\/343","targetHints":{"allow":["GET"]}}],"collection":[{"href":"https:\/\/villachandra.com\/en\/wp-json\/wp\/v2\/pages"}],"about":[{"href":"https:\/\/villachandra.com\/en\/wp-json\/wp\/v2\/types\/page"}],"author":[{"embeddable":true,"href":"https:\/\/villachandra.com\/en\/wp-json\/wp\/v2\/users\/6"}],"replies":[{"embeddable":true,"href":"https:\/\/villachandra.com\/en\/wp-json\/wp\/v2\/comments?post=343"}],"version-history":[{"count":59,"href":"https:\/\/villachandra.com\/en\/wp-json\/wp\/v2\/pages\/343\/revisions"}],"predecessor-version":[{"id":15098,"href":"https:\/\/villachandra.com\/en\/wp-json\/wp\/v2\/pages\/343\/revisions\/15098"}],"wp:attachment":[{"href":"https:\/\/villachandra.com\/en\/wp-json\/wp\/v2\/media?parent=343"}],"curies":[{"name":"wp","href":"https:\/\/api.w.org\/{rel}","templated":true}]}}