{"id":351,"date":"2021-03-17T11:47:17","date_gmt":"2021-03-17T11:47:17","guid":{"rendered":"https:\/\/villachandra.com\/?page_id=351"},"modified":"2025-10-27T09:54:04","modified_gmt":"2025-10-27T09:54:04","slug":"contact","status":"publish","type":"page","link":"https:\/\/villachandra.com\/en\/contact\/","title":{"rendered":"Contact"},"content":{"rendered":"<h1>Contact us<\/h1>\n\t<a href=\"https:\/\/villachandra.com\/en\/\">Home<\/a> &lt; Contact\n\t\t\t\t<img loading=\"lazy\" decoding=\"async\" src=\"https:\/\/villachandra.com\/wp-content\/uploads\/2021\/12\/9ba62ef1-6422-463e-b30a-d4387bd2d483.jpeg\" alt=\"Claudia et Philippe, Location maison avec piscine - Villa Chandra \u00e0 Biot (06) C\u00f4te d'Azur\" itemprop=\"image\" height=\"226\" width=\"240\" title=\"9ba62ef1-6422-463e-b30a-d4387bd2d483\" onerror=\"this.style.display='none'\">\n\t<p>Claudia &amp; Philippe<\/p>\n\t\t<h3>Welcome to Villa Chandra<\/h3>\t\t\nClaudia et Philippe, couple franco-italien, apr\u00e8s avoir v\u00e9cu en Inde, ont choisi de se poser \u00e0 Biot, conquis par le charme de ce village authentique, pr\u00e8s d&rsquo;Antibes, au c\u0153ur de la Cote d&rsquo;Azur et de ses richesses. Ils font partager \u00e0 leurs h\u00f4tes leur bonheur d&rsquo;\u00eatre ici, leurs coups de c\u0153ur, leurs rencontres.\n<h3>\n\t\tCONTACT US!\n\t<\/h3>\n\t<p>Languages \u200b\u200bspoken: Fran\u00e7aix I English I Italian<\/p>\n\t<p>Nous serons heureux d&rsquo;accueillir nos h\u00f4tes et leur faire partager nos coups de c\u0153ur. Nous partagerons avec nos h\u00f4tes toutes les informations pour leur faire visiter notre belle r\u00e9gion \u00ab\u00a0autrement\u00a0\u00bb.<\/p>\n<p class=\"translation-block\">Please complete the following fields in order to contact us. Beforehand, we invite you to discover the <a href=\"https:\/\/villachandra.lanageuse.com\/la-villa-chandra-biot\/#chambres\" target=\"_self\"> bedrooms <\/a>, our <a href=\"https:\/\/villachandra.lanageuse.com\/tarifs\/\" target=\"_ self\"> rates <\/a> as well as the <a href=\"https:\/\/villachandra.lanageuse.com\/tarifs\/#reservation\" target=\"_ self\"> availability calendar <\/a>.<\/p>\n\t\n\n<div class=\"wpcf7 no-js\" id=\"wpcf7-f208-o1\" lang=\"en-US\" dir=\"ltr\" data-wpcf7-id=\"208\">\n<div class=\"screen-reader-response\"><p role=\"status\" aria-live=\"polite\" aria-atomic=\"true\"><\/p> <ul><\/ul><\/div>\n<form action=\"\/en\/wp-json\/wp\/v2\/pages\/351#wpcf7-f208-o1\" method=\"post\" class=\"wpcf7-form init\" aria-label=\"Contact form\" novalidate=\"novalidate\" data-status=\"init\" data-trp-original-action=\"\/en\/wp-json\/wp\/v2\/pages\/351#wpcf7-f208-o1\">\n<fieldset class=\"hidden-fields-container\"><input type=\"hidden\" name=\"_wpcf7\" value=\"208\" \/><input type=\"hidden\" name=\"_wpcf7_version\" value=\"6.1.5\" \/><input type=\"hidden\" name=\"_wpcf7_locale\" value=\"en_US\" \/><input type=\"hidden\" name=\"_wpcf7_unit_tag\" value=\"wpcf7-f208-o1\" \/><input type=\"hidden\" name=\"_wpcf7_container_post\" value=\"0\" \/><input type=\"hidden\" name=\"_wpcf7_posted_data_hash\" value=\"\" \/><input type=\"hidden\" name=\"_wpcf7_recaptcha_response\" value=\"\" \/>\n<\/fieldset>\n<div class=\"container-fluid\">\n\t<div class=\"row\">\n\t\t<div class=\"col-md-6\">\n\t\t\t<div class=\"form-group\">\n\t\t\t\t<p><span class=\"wpcf7-form-control-wrap\" data-name=\"Prenom\"><input size=\"40\" maxlength=\"400\" class=\"wpcf7-form-control wpcf7-text wpcf7-validates-as-required form-control\" aria-required=\"true\" aria-invalid=\"false\" placeholder=\"First name\" value=\"\" type=\"text\" name=\"Prenom\" \/><\/span>\n\t\t\t\t<\/p>\n\t\t\t<\/div>\n\t\t<\/div>\n\t\t<div class=\"col-md-6\">\n\t\t\t<div class=\"form-group\">\n\t\t\t\t<p><span class=\"wpcf7-form-control-wrap\" data-name=\"Nom\"><input size=\"40\" maxlength=\"400\" class=\"wpcf7-form-control wpcf7-text wpcf7-validates-as-required form-control\" aria-required=\"true\" aria-invalid=\"false\" placeholder=\"Name\" value=\"\" type=\"text\" name=\"Nom\" \/><\/span>\n\t\t\t\t<\/p>\n\t\t\t<\/div>\n\t\t<\/div>\n\t<\/div>\n\t<div class=\"row\">\n\t\t<div class=\"col-md-6\">\n\t\t\t<div class=\"form-group\">\n\t\t\t\t<p><span class=\"wpcf7-form-control-wrap\" data-name=\"E-mail\"><input size=\"40\" maxlength=\"400\" class=\"wpcf7-form-control wpcf7-email wpcf7-validates-as-required wpcf7-text wpcf7-validates-as-email form-control\" aria-required=\"true\" aria-invalid=\"false\" placeholder=\"E-mail*\" value=\"\" type=\"email\" name=\"E-mail\" \/><\/span>\n\t\t\t\t<\/p>\n\t\t\t<\/div>\n\t\t<\/div>\n\t\t<div class=\"col-md-6\">\n\t\t\t<div class=\"form-group\">\n\t\t\t\t<p><span class=\"wpcf7-form-control-wrap\" data-name=\"telephone\"><input size=\"40\" maxlength=\"400\" class=\"wpcf7-form-control wpcf7-tel wpcf7-validates-as-required wpcf7-text wpcf7-validates-as-tel form-control\" aria-required=\"true\" aria-invalid=\"false\" placeholder=\"Phone number\" value=\"\" type=\"tel\" name=\"telephone\" \/><\/span>\n\t\t\t\t<\/p>\n\t\t\t<\/div>\n\t\t<\/div>\n\t<\/div>\n\t<div class=\"row\">\n\t\t<div class=\"col-md-12\">\n\t\t\t<div class=\"form-group\">\n\t\t\t\t<p><span class=\"wpcf7-form-control-wrap\" data-name=\"Objet\"><input size=\"40\" maxlength=\"400\" class=\"wpcf7-form-control wpcf7-text form-control\" aria-invalid=\"false\" placeholder=\"Subject\" value=\"\" type=\"text\" name=\"Objet\" \/><\/span>\n\t\t\t\t<\/p>\n\t\t\t<\/div>\n\t\t<\/div>\n\t<\/div>\n\t<div class=\"row\">\n\t\t<div class=\"col-md-12\">\n\t\t\t<div class=\"form-group\">\n\t\t\t\t<p><span class=\"wpcf7-form-control-wrap\" data-name=\"Message\"><textarea cols=\"40\" rows=\"10\" maxlength=\"2000\" class=\"wpcf7-form-control wpcf7-textarea form-control\" aria-invalid=\"false\" placeholder=\"Your message\" name=\"Message\"><\/textarea><\/span>\n\t\t\t\t<\/p>\n\t\t\t<\/div>\n\t\t<\/div>\n\t<\/div>\n\t<div class=\"row\">\n\t\t<div class=\"col-md-12\">\n\t\t\t<div class=\"form-group\">\n\t\t\t\t<p><span class=\"wpcf7-form-control-wrap\" data-name=\"Source\"><select class=\"wpcf7-form-control wpcf7-select form-control\" aria-invalid=\"false\" name=\"Source\"><option value=\"Comment connaissez-vous la Villa Chandra ?\">How do you know Villa Chandra?<\/option><option value=\"Google\">Google<\/option><option value=\"AirBnB\">AirBnB<\/option><option value=\"Booking\">Booking<\/option><option value=\"Tripadvisor\">Tripadvisor<\/option><option value=\"Autres\">Autres<\/option><\/select><\/span>\n\t\t\t\t<\/p>\n\t\t\t<\/div>\n\t\t<\/div>\n\t<\/div>\n\t<div class=\"col-md-10 col-md-offset-1\">\n\t\t<p><span class=\"wpcf7-form-control-wrap\" data-name=\"Rgpd\"><span class=\"wpcf7-form-control wpcf7-checkbox\"><span class=\"wpcf7-list-item first last\"><label><input type=\"checkbox\" name=\"Rgpd[]\" value=\"En soumettant ce formulaire, j\u2019accepte que les informations saisies soient exploit\u00e9es uniquement dans le cadre de la relation commerciale.\" \/><span class=\"wpcf7-list-item-label\">By submitting this form, I agree that the information entered will be used only within the framework of the commercial relationship.<\/span><\/label><\/span><\/span><\/span>\n\t\t<\/p>\n\t<\/div>\n\t<div class=\"row\">\n\t\t<div class=\"col-md-12\">\n\t\t\t<div class=\"warning text-center\">\n\t\t\t\t<p>* In accordance with article 34 of the Data Protection Act of January 6, 1978, you have the right to access, modify and delete data concerning you. To exercise this right, please contact: <a href=\"mailto:villachandrabiot@gmail.com\">villachandrabiot@gmail.com <\/a>.\n\t\t\t\t<\/p>\n\t\t\t<\/div>\n\t\t<\/div>\n\t<\/div>\n\t<div class=\"row\">\n\t\t<p><span id=\"wpcf7-69e63d4e188cf-wrapper\" class=\"wpcf7-form-control-wrap honeypot-269-wrap\" style=\"display:none !important; visibility:hidden !important;\"><label for=\"wpcf7-69e63d4e188cf-field\" class=\"hp-message\">Please leave this field empty.<\/label><input id=\"wpcf7-69e63d4e188cf-field\"  class=\"wpcf7-form-control wpcf7-text\" type=\"text\" name=\"honeypot-269\" value=\"\" size=\"40\" tabindex=\"-1\" autocomplete=\"new-password\" \/><\/span>\n\t\t<\/p>\n\t\t<div class=\"col-md-12 text-center\">\n\t\t\t<p><input class=\"wpcf7-form-control wpcf7-submit has-spinner\" id=\"EnvoyerBtn\" type=\"submit\" value=\"Send message\" \/>\n\t\t\t<\/p>\n\t\t<\/div>\n\t\t<div class=\"col-md-12 text-center\">\n\t\t<div class=\"wpcf7-turnstile cf-turnstile\" data-sitekey=\"0x4AAAAAABuKfWEK8KDSUqKT\" data-response-field-name=\"_wpcf7_turnstile_response\"><\/div>\n\t\t<\/div>\n\t<\/div>\n<\/div><div class=\"wpcf7-response-output\" aria-hidden=\"true\"><\/div>\n<input type=\"hidden\" name=\"trp-form-language\" value=\"en\"\/><\/form>\n<\/div>\n\n<h3>\n\t\tADRESSE &amp; COORDONN\u00c9ES\n\t<\/h3>\n\t<strong>VILLA CHANDRA<\/strong><br>\nBastide Valmasque<br>\n1110 Rte d&rsquo;Antibes, 06410 Biot\n<h3>\n\t\tPhone number \n\t<\/h3>\n<h3>\n\t\tAvailable from 09h am to 18h pm&nbsp;\n\t<\/h3>\n<h2>\n\t\t<a href=\"tel:+33611323679\" \"=\"\" title=\"+33 (0)6 11 32 36 79\" target=\"_self\">\n\t\t+33 (0)6 11 32 36 79\n\t\t<\/a>\n\t<\/h2>\n\t\t\t<a href=\"https:\/\/villachandra.com\/en\/tarifs\/\" target=\"_self\" role=\"button\" rel=\"noopener\">\n\t\t\t\t\t\tVilla Chandra booking &amp; calendar\n\t\t\t\t\t<\/a>\n\t<iframe src=\"https:\/\/www.google.com\/maps\/embed\/v1\/place?q=1110+Rte+d%27Antibes%2C+06410+Biot&amp;key=AIzaSyD09zQ9PNDNNy9TadMuzRV_UsPUoWKntt8\" aria-hidden=\"true\" title=\"Villa Chandra, Biot\"><\/iframe>","protected":false},"excerpt":{"rendered":"<p>Nous contacter Accueil &lt; Contact Claudia &amp; Philippe Bienvenue \u00e0 la Villa Chandra Claudia et Philippe, couple franco-italien, apr\u00e8s avoir v\u00e9cu en Inde, ont choisi de se poser \u00e0 Biot, conquis par le charme de ce village authentique, pr\u00e8s d&rsquo;Antibes, au c\u0153ur de la Cote d&rsquo;Azur et de ses richesses. Ils font partager \u00e0 leurs&hellip;<\/p>","protected":false},"author":6,"featured_media":0,"parent":0,"menu_order":0,"comment_status":"closed","ping_status":"closed","template":"","meta":{"footnotes":""},"class_list":["post-351","page","type-page","status-publish","hentry"],"yoast_head":"<!-- This site is optimized with the Yoast SEO plugin v27.4 - https:\/\/yoast.com\/product\/yoast-seo-wordpress\/ -->\n<title>Contact &amp; Plan d&#039;acc\u00e8s Location maison Biot | Villa Chandra<\/title>\n<meta name=\"description\" content=\"ADRESSE : VILLA CHANDRA, Bastide Valmasque - 1110 Rte d&#039;Antibes, 06410 Biot - Disponible de 09h00 \u00e0 18h00 T\u00e9l. +33 (0)6 11 32 36 79\" \/>\n<meta name=\"robots\" content=\"index, follow, max-snippet:-1, max-image-preview:large, max-video-preview:-1\" \/>\n<link rel=\"canonical\" href=\"https:\/\/villachandra.com\/en\/contact\/\" \/>\n<meta property=\"og:locale\" content=\"en_GB\" \/>\n<meta property=\"og:type\" content=\"article\" \/>\n<meta property=\"og:title\" content=\"Contact &amp; Plan d&#039;acc\u00e8s Location maison Biot | Villa Chandra\" \/>\n<meta property=\"og:description\" content=\"ADRESSE : VILLA CHANDRA, Bastide Valmasque - 1110 Rte d&#039;Antibes, 06410 Biot - Disponible de 09h00 \u00e0 18h00 T\u00e9l. +33 (0)6 11 32 36 79\" \/>\n<meta property=\"og:url\" content=\"https:\/\/villachandra.com\/en\/contact\/\" \/>\n<meta property=\"og:site_name\" content=\"Villa Chandra\" \/>\n<meta property=\"article:modified_time\" content=\"2025-10-27T09:54:04+00:00\" \/>\n<meta property=\"og:image\" content=\"https:\/\/villachandra.com\/wp-content\/uploads\/2021\/12\/9ba62ef1-6422-463e-b30a-d4387bd2d483.jpeg\" \/>\n<meta name=\"twitter:card\" content=\"summary_large_image\" \/>\n<meta name=\"twitter:label1\" content=\"Estimated reading time\" \/>\n\t<meta name=\"twitter:data1\" content=\"2 minutes\" \/>\n<script type=\"application\/ld+json\" class=\"yoast-schema-graph\">{\"@context\":\"https:\\\/\\\/schema.org\",\"@graph\":[{\"@type\":\"WebPage\",\"@id\":\"https:\\\/\\\/villachandra.com\\\/contact\\\/\",\"url\":\"https:\\\/\\\/villachandra.com\\\/contact\\\/\",\"name\":\"Contact & Plan d'acc\u00e8s Location maison Biot | Villa Chandra\",\"isPartOf\":{\"@id\":\"https:\\\/\\\/villachandra.com\\\/#website\"},\"primaryImageOfPage\":{\"@id\":\"https:\\\/\\\/villachandra.com\\\/contact\\\/#primaryimage\"},\"image\":{\"@id\":\"https:\\\/\\\/villachandra.com\\\/contact\\\/#primaryimage\"},\"thumbnailUrl\":\"https:\\\/\\\/villachandra.com\\\/wp-content\\\/uploads\\\/2021\\\/12\\\/9ba62ef1-6422-463e-b30a-d4387bd2d483.jpeg\",\"datePublished\":\"2021-03-17T11:47:17+00:00\",\"dateModified\":\"2025-10-27T09:54:04+00:00\",\"description\":\"ADRESSE : VILLA CHANDRA, Bastide Valmasque - 1110 Rte d'Antibes, 06410 Biot - Disponible de 09h00 \u00e0 18h00 T\u00e9l. +33 (0)6 11 32 36 79\",\"breadcrumb\":{\"@id\":\"https:\\\/\\\/villachandra.com\\\/contact\\\/#breadcrumb\"},\"inLanguage\":\"en-GB\",\"potentialAction\":[{\"@type\":\"ReadAction\",\"target\":[\"https:\\\/\\\/villachandra.com\\\/contact\\\/\"]}]},{\"@type\":\"ImageObject\",\"inLanguage\":\"en-GB\",\"@id\":\"https:\\\/\\\/villachandra.com\\\/contact\\\/#primaryimage\",\"url\":\"https:\\\/\\\/villachandra.com\\\/wp-content\\\/uploads\\\/2021\\\/12\\\/9ba62ef1-6422-463e-b30a-d4387bd2d483.jpeg\",\"contentUrl\":\"https:\\\/\\\/villachandra.com\\\/wp-content\\\/uploads\\\/2021\\\/12\\\/9ba62ef1-6422-463e-b30a-d4387bd2d483.jpeg\"},{\"@type\":\"BreadcrumbList\",\"@id\":\"https:\\\/\\\/villachandra.com\\\/contact\\\/#breadcrumb\",\"itemListElement\":[{\"@type\":\"ListItem\",\"position\":1,\"name\":\"Accueil\",\"item\":\"https:\\\/\\\/villachandra.com\\\/\"},{\"@type\":\"ListItem\",\"position\":2,\"name\":\"Contact\"}]},{\"@type\":\"WebSite\",\"@id\":\"https:\\\/\\\/villachandra.com\\\/#website\",\"url\":\"https:\\\/\\\/villachandra.com\\\/\",\"name\":\"Villa Chandra\",\"description\":\"Villa \u00e0 louer avec piscine \u00e0 Biot, Antibes - C\u00f4te d&#039;Azur\",\"publisher\":{\"@id\":\"https:\\\/\\\/villachandra.com\\\/#organization\"},\"potentialAction\":[{\"@type\":\"SearchAction\",\"target\":{\"@type\":\"EntryPoint\",\"urlTemplate\":\"https:\\\/\\\/villachandra.com\\\/?s={search_term_string}\"},\"query-input\":{\"@type\":\"PropertyValueSpecification\",\"valueRequired\":true,\"valueName\":\"search_term_string\"}}],\"inLanguage\":\"en-GB\"},{\"@type\":\"Organization\",\"@id\":\"https:\\\/\\\/villachandra.com\\\/#organization\",\"name\":\"Villa Chandra\",\"url\":\"https:\\\/\\\/villachandra.com\\\/\",\"logo\":{\"@type\":\"ImageObject\",\"inLanguage\":\"en-GB\",\"@id\":\"https:\\\/\\\/villachandra.com\\\/#\\\/schema\\\/logo\\\/image\\\/\",\"url\":\"https:\\\/\\\/villachandra.com\\\/wp-content\\\/uploads\\\/2021\\\/12\\\/logo-villa-chandra-nb-e1640061586228.jpeg\",\"contentUrl\":\"https:\\\/\\\/villachandra.com\\\/wp-content\\\/uploads\\\/2021\\\/12\\\/logo-villa-chandra-nb-e1640061586228.jpeg\",\"width\":250,\"height\":108,\"caption\":\"Villa Chandra\"},\"image\":{\"@id\":\"https:\\\/\\\/villachandra.com\\\/#\\\/schema\\\/logo\\\/image\\\/\"}}]}<\/script>\n<!-- \/ Yoast SEO plugin. -->","yoast_head_json":{"title":"Contact & Plan d'acc\u00e8s Location maison Biot | Villa Chandra","description":"ADRESSE : VILLA CHANDRA, Bastide Valmasque - 1110 Rte d'Antibes, 06410 Biot - Disponible de 09h00 \u00e0 18h00 T\u00e9l. +33 (0)6 11 32 36 79","robots":{"index":"index","follow":"follow","max-snippet":"max-snippet:-1","max-image-preview":"max-image-preview:large","max-video-preview":"max-video-preview:-1"},"canonical":"https:\/\/villachandra.com\/en\/contact\/","og_locale":"en_GB","og_type":"article","og_title":"Contact & Plan d'acc\u00e8s Location maison Biot | Villa Chandra","og_description":"ADRESSE : VILLA CHANDRA, Bastide Valmasque - 1110 Rte d'Antibes, 06410 Biot - Disponible de 09h00 \u00e0 18h00 T\u00e9l. +33 (0)6 11 32 36 79","og_url":"https:\/\/villachandra.com\/en\/contact\/","og_site_name":"Villa Chandra","article_modified_time":"2025-10-27T09:54:04+00:00","og_image":[{"url":"https:\/\/villachandra.com\/wp-content\/uploads\/2021\/12\/9ba62ef1-6422-463e-b30a-d4387bd2d483.jpeg","type":"","width":"","height":""}],"twitter_card":"summary_large_image","twitter_misc":{"Estimated reading time":"2 minutes"},"schema":{"@context":"https:\/\/schema.org","@graph":[{"@type":"WebPage","@id":"https:\/\/villachandra.com\/contact\/","url":"https:\/\/villachandra.com\/contact\/","name":"Contact & Plan d'acc\u00e8s Location maison Biot | Villa Chandra","isPartOf":{"@id":"https:\/\/villachandra.com\/#website"},"primaryImageOfPage":{"@id":"https:\/\/villachandra.com\/contact\/#primaryimage"},"image":{"@id":"https:\/\/villachandra.com\/contact\/#primaryimage"},"thumbnailUrl":"https:\/\/villachandra.com\/wp-content\/uploads\/2021\/12\/9ba62ef1-6422-463e-b30a-d4387bd2d483.jpeg","datePublished":"2021-03-17T11:47:17+00:00","dateModified":"2025-10-27T09:54:04+00:00","description":"ADRESSE : VILLA CHANDRA, Bastide Valmasque - 1110 Rte d'Antibes, 06410 Biot - Disponible de 09h00 \u00e0 18h00 T\u00e9l. +33 (0)6 11 32 36 79","breadcrumb":{"@id":"https:\/\/villachandra.com\/contact\/#breadcrumb"},"inLanguage":"en-GB","potentialAction":[{"@type":"ReadAction","target":["https:\/\/villachandra.com\/contact\/"]}]},{"@type":"ImageObject","inLanguage":"en-GB","@id":"https:\/\/villachandra.com\/contact\/#primaryimage","url":"https:\/\/villachandra.com\/wp-content\/uploads\/2021\/12\/9ba62ef1-6422-463e-b30a-d4387bd2d483.jpeg","contentUrl":"https:\/\/villachandra.com\/wp-content\/uploads\/2021\/12\/9ba62ef1-6422-463e-b30a-d4387bd2d483.jpeg"},{"@type":"BreadcrumbList","@id":"https:\/\/villachandra.com\/contact\/#breadcrumb","itemListElement":[{"@type":"ListItem","position":1,"name":"Accueil","item":"https:\/\/villachandra.com\/"},{"@type":"ListItem","position":2,"name":"Contact"}]},{"@type":"WebSite","@id":"https:\/\/villachandra.com\/#website","url":"https:\/\/villachandra.com\/","name":"Villa Chandra","description":"Villa \u00e0 louer avec piscine \u00e0 Biot, Antibes - C\u00f4te d&#039;Azur","publisher":{"@id":"https:\/\/villachandra.com\/#organization"},"potentialAction":[{"@type":"SearchAction","target":{"@type":"EntryPoint","urlTemplate":"https:\/\/villachandra.com\/?s={search_term_string}"},"query-input":{"@type":"PropertyValueSpecification","valueRequired":true,"valueName":"search_term_string"}}],"inLanguage":"en-GB"},{"@type":"Organization","@id":"https:\/\/villachandra.com\/#organization","name":"Villa Chandra","url":"https:\/\/villachandra.com\/","logo":{"@type":"ImageObject","inLanguage":"en-GB","@id":"https:\/\/villachandra.com\/#\/schema\/logo\/image\/","url":"https:\/\/villachandra.com\/wp-content\/uploads\/2021\/12\/logo-villa-chandra-nb-e1640061586228.jpeg","contentUrl":"https:\/\/villachandra.com\/wp-content\/uploads\/2021\/12\/logo-villa-chandra-nb-e1640061586228.jpeg","width":250,"height":108,"caption":"Villa Chandra"},"image":{"@id":"https:\/\/villachandra.com\/#\/schema\/logo\/image\/"}}]}},"_links":{"self":[{"href":"https:\/\/villachandra.com\/en\/wp-json\/wp\/v2\/pages\/351","targetHints":{"allow":["GET"]}}],"collection":[{"href":"https:\/\/villachandra.com\/en\/wp-json\/wp\/v2\/pages"}],"about":[{"href":"https:\/\/villachandra.com\/en\/wp-json\/wp\/v2\/types\/page"}],"author":[{"embeddable":true,"href":"https:\/\/villachandra.com\/en\/wp-json\/wp\/v2\/users\/6"}],"replies":[{"embeddable":true,"href":"https:\/\/villachandra.com\/en\/wp-json\/wp\/v2\/comments?post=351"}],"version-history":[{"count":45,"href":"https:\/\/villachandra.com\/en\/wp-json\/wp\/v2\/pages\/351\/revisions"}],"predecessor-version":[{"id":1581,"href":"https:\/\/villachandra.com\/en\/wp-json\/wp\/v2\/pages\/351\/revisions\/1581"}],"wp:attachment":[{"href":"https:\/\/villachandra.com\/en\/wp-json\/wp\/v2\/media?parent=351"}],"curies":[{"name":"wp","href":"https:\/\/api.w.org\/{rel}","templated":true}]}}