{"id":903,"date":"2021-04-13T11:23:36","date_gmt":"2021-04-13T11:23:36","guid":{"rendered":"https:\/\/villachandra.com\/?page_id=903"},"modified":"2022-01-24T16:15:50","modified_gmt":"2022-01-24T16:15:50","slug":"mentions-legales","status":"publish","type":"page","link":"https:\/\/villachandra.com\/en\/mentions-legales\/","title":{"rendered":"Legal Notice"},"content":{"rendered":"<h1>\n\t\tLegal Notice\n\t<\/h1>\n\t<p>Ce site a \u00e9t\u00e9 ouvert pour l&rsquo;information personnelle de ses utilisateurs et la consultation de catalogue de produits et services s\u00e9lectionn\u00e9s par Villa chandra . Votre utilisation du site est soumise au respect des conditions g\u00e9n\u00e9rales d&rsquo;acc\u00e8s et d&rsquo;utilisation d\u00e9taill\u00e9es dans les Conditions G\u00e9n\u00e9rales et de l&rsquo;ensemble des lois applicables. Lorsque vous acc\u00e9dez au site et que vous le parcourez et l&rsquo;utilisez, vous acceptez sans r\u00e9serve les Conditions G\u00e9n\u00e9rales, qui pr\u00e9valent sur tout autre accord que vous pourriez avoir par ailleurs avec Villa chandra ou les membres de son r\u00e9seau commercial.<\/p>\n<p>&nbsp;<\/p>\n<p>Ce site est la propri\u00e9t\u00e9 et est \u00e9dit\u00e9 par :<\/p>\n<strong>Villa chandra<br>\nBastide Valmasque<br>\n<\/strong>1110 Rte d&rsquo;Antibes,<br>\n06410 Biot\nT\u00e9l.:&nbsp;<a href=\"https:\/\/www.google.com\/search?q=villa+chandra&amp;rlz=1C5CHFA_enFR972FR972&amp;sxsrf=AOaemvLguGaclW9GXG3PrJcnWexuaheewg%3A1640241722568&amp;ei=OhrEYa-RIpC9lwTwl7-gBQ&amp;ved=0ahUKEwivluDJqPn0AhWQ3oUKHfDLD1QQ4dUDCA4&amp;uact=5&amp;oq=villa+chandra&amp;gs_lcp=Cgdnd3Mtd2l6EAMyBAgjECcyBAgjECcyBAgjECcyBQgAEMsBMgUIABDLATIFCAAQywEyBQgAEMsBMgUIABDLATIFCAAQywEyBQgAEMsBSgQIQRgASgQIRhgAUABYAGCUAWgAcAB4AIABVYgBVZIBATGYAQCgAQHAAQE&amp;sclient=gws-wiz#\" data-dtype=\"d3ph\" data-local-attribute=\"d3ph\" data-ved=\"2ahUKEwih15bXqfn0AhWtx4UKHbEtALEQkAgoAHoECDUQAw\">+33 (0)4 93 65 21 42<\/a>\n<p>villachandrabiot@gmail.com<\/p>\nDirection de publication : Philippe Bonan<br>\nR\u00e9alisation :&nbsp;<a href=\"http:\/\/lanageuse.com\/\">Agence la nageuse<\/a>\n<p>L&rsquo;adresse de notre site Web est :&nbsp;<a href=\"http:\/\/villachandra.com\/en\/\">villachandra.com<\/a><\/p>\n<p>&nbsp;<\/p>\n<p><strong>Art. 1 Conditions d&rsquo;utilisation<\/strong><\/p>\n<p>Toute personne qui acc\u00e8de au site s&rsquo;engage \u00e0 respecter les pr\u00e9sentes conditions g\u00e9n\u00e9rales d&rsquo;utilisation, qui pourront pour certains services \u00eatre compl\u00e9t\u00e9es par des conditions particuli\u00e8res. Villa chandra se r\u00e9serve le droit de modifier et mettre \u00e0 jour \u00e0 tout moment l&rsquo;acc\u00e8s au site ainsi que les Conditions G\u00e9n\u00e9rales. Ces modifications et mises \u00e0 jour s&rsquo;imposent \u00e0 l&rsquo;utilisateur qui doit en cons\u00e9quence se r\u00e9f\u00e9rer r\u00e9guli\u00e8rement \u00e0 cette rubrique pour v\u00e9rifier les Conditions G\u00e9n\u00e9rales en vigueur. Villa chandra se r\u00e9serve le droit de modifier ainsi que de supprimer, tout ou partie du site et ce, sans pr\u00e9avis et sans avoir \u00e0 en informer pr\u00e9alablement les internautes.<\/p>\n<p>&nbsp;<\/p>\n<p><strong>Art. 2 Droits de propri\u00e9t\u00e9 intellectuelle<\/strong><\/p>\n<strong>2.1 Droits d&rsquo;auteur et\/ou Droits sur les Dessins et Mod\u00e8les<\/strong><br>\nLes reproductions, sur un support papier ou informatique, du Site et des \u0153uvres et mod\u00e8les qui y sont reproduits sont autoris\u00e9es sous r\u00e9serve qu&rsquo;elles soient strictement r\u00e9serv\u00e9es \u00e0 un usage personnel excluant tout usage \u00e0 des fins publicitaires et\/ou commerciales et\/ou d&rsquo;information et\/ou qu&rsquo;elles soient conformes aux dispositions de l&rsquo;article L122-5 du Code de la Propri\u00e9t\u00e9 Intellectuelle. A l&rsquo;exception des dispositions ci-dessus, toute reproduction, repr\u00e9sentation, utilisation ou modification, par quelque proc\u00e9d\u00e9 que ce soit et sur quelque support que ce soit, de tout ou partie du site, de tout ou partie des diff\u00e9rentes \u0153uvres et mod\u00e8les qui le composent, sans avoir obtenu l&rsquo;autorisation pr\u00e9alable de Villa chandra, est strictement interdite et constitue un d\u00e9lit de contrefa\u00e7on.\n<strong>2.2 Droits des marques<\/strong><br>\nL&rsquo;appellation Villa chandra, le logo Villa chandra, le nom des produits et services qui y sont associ\u00e9s, sont des marques d\u00e9pos\u00e9es par Villa chandra.<br>\nConform\u00e9ment \u00e0 l&rsquo;article 6 de la Loi du 21 juin 2004 pour la confiance en l&rsquo;\u00e9conomie num\u00e9rique, l&rsquo;h\u00e9bergeur conservera vos donn\u00e9es de connexion, couvertes par le secret professionnel et trait\u00e9es dans le respect des dispositions l\u00e9gales en mati\u00e8re de donn\u00e9es personnelles.\n<p>&nbsp;<\/p>\n<p><strong>Art. 3 Donn\u00e9es personnelles et autres donn\u00e9es<\/strong><\/p>\n<p>Pour en savoir plus sur la gestion et la collecte de vos donn\u00e9es personnelles, r\u00e9f\u00e9rez vous \u00e0 notre&nbsp;<a href=\"https:\/\/villachandra.com\/en\/politique-de-confidentialite\/\">Politique de confidentialit\u00e9.<\/a><\/p>\n<p><strong>Art. 4 Liens hypertextes<\/strong><\/p>\n<p>La mise en place d&rsquo;un lien hypertexte vers le pr\u00e9sent Site n\u00e9cessite une autorisation pr\u00e9alable \u00e9crite de Villa chandra. Si vous souhaitez mettre en place un lien hypertexte vers notre Site, vous devez en cons\u00e9quence prendre contact avec le Responsable du Site. Villa chandra ne peut en aucun cas \u00eatre tenue pour responsable de la mise \u00e0 disposition des sites qui font l&rsquo;objet d&rsquo;un lien hypertexte \u00e0 partir du pr\u00e9sent Site et ne peut supporter aucune responsabilit\u00e9 sur le contenu, les produits, les services, etc. disponibles sur ces sites ou \u00e0 partir de ces sites.<\/p>\n<p>&nbsp;<\/p>\n<p><strong>Art. 5 Contenu du site<\/strong><\/p>\nVilla chandra s&rsquo;efforce d&rsquo;assurer l&rsquo;exactitude et la mise \u00e0 jour r\u00e9guli\u00e8re des informations diffus\u00e9es sur ce site. Villa chandra se r\u00e9serve le droit de corriger et modifier \u00e0 tout moment le contenu du site sans que leur responsabilit\u00e9 puisse \u00eatre engag\u00e9e de ce fait, Villa chandra pouvant apporter \u00e0 tout moment des am\u00e9liorations et\/ou changements au(x) produit(s)&nbsp; et service(s) d\u00e9crits sur ce site.<br>\nVilla chandra et ses prestataires ne sauraient \u00eatre tenus pour responsables des \u00e9l\u00e9ments en dehors de leur contr\u00f4le et des dommages qui pourraient \u00e9ventuellement \u00eatre subis par votre environnement technique, et notamment, vos ordinateurs, logiciels, \u00e9quipement, r\u00e9seaux (modems, t\u00e9l\u00e9phone\u2026) et tout mat\u00e9riel utilis\u00e9 pour acc\u00e9der au site ou pour l&rsquo;utiliser.\n<p>&nbsp;<\/p>\n<p><strong>Art. 6 Droit applicable<\/strong><\/p>\nLes pr\u00e9sentes Conditions G\u00e9n\u00e9rales sont soumises au droit fran\u00e7ais. En cas de litige seul le Tribunal de<br>\ncommerce comp\u00e9tent est celui dont d\u00e9pend le si\u00e8ge social de Villa chandra.","protected":false},"excerpt":{"rendered":"<p>Mentions l\u00e9gales Ce site a \u00e9t\u00e9 ouvert pour l&rsquo;information personnelle de ses utilisateurs et la consultation de catalogue de produits et services s\u00e9lectionn\u00e9s par Villa chandra . Votre utilisation du site est soumise au respect des conditions g\u00e9n\u00e9rales d&rsquo;acc\u00e8s et d&rsquo;utilisation d\u00e9taill\u00e9es dans les Conditions G\u00e9n\u00e9rales et de l&rsquo;ensemble des lois applicables. Lorsque vous acc\u00e9dez&hellip;<\/p>","protected":false},"author":6,"featured_media":0,"parent":0,"menu_order":0,"comment_status":"closed","ping_status":"closed","template":"","meta":{"footnotes":""},"class_list":["post-903","page","type-page","status-publish","hentry"],"yoast_head":"<!-- This site is optimized with the Yoast SEO plugin v27.5 - https:\/\/yoast.com\/product\/yoast-seo-wordpress\/ -->\n<title>Mentions l\u00e9gales | Villa Chandra<\/title>\n<meta name=\"description\" content=\"Mentions l\u00e9gales VIlla Chandra - Direction de publication : Philippe Bonan R\u00e9alisation : Agence la nageuse - Site Web est : villachandra.com\" \/>\n<meta name=\"robots\" content=\"index, follow, max-snippet:-1, max-image-preview:large, max-video-preview:-1\" \/>\n<link rel=\"canonical\" href=\"https:\/\/villachandra.com\/en\/mentions-legales\/\" \/>\n<meta property=\"og:locale\" content=\"en_GB\" \/>\n<meta property=\"og:type\" content=\"article\" \/>\n<meta property=\"og:title\" content=\"Mentions l\u00e9gales | Villa Chandra\" \/>\n<meta property=\"og:description\" content=\"Mentions l\u00e9gales VIlla Chandra - Direction de publication : Philippe Bonan R\u00e9alisation : Agence la nageuse - Site Web est : villachandra.com\" \/>\n<meta property=\"og:url\" content=\"https:\/\/villachandra.com\/en\/mentions-legales\/\" \/>\n<meta property=\"og:site_name\" content=\"Villa Chandra\" \/>\n<meta property=\"article:modified_time\" content=\"2022-01-24T16:15:50+00:00\" \/>\n<meta name=\"twitter:card\" content=\"summary_large_image\" \/>\n<meta name=\"twitter:label1\" content=\"Estimated reading time\" \/>\n\t<meta name=\"twitter:data1\" content=\"4 minutes\" \/>\n<script type=\"application\/ld+json\" class=\"yoast-schema-graph\">{\"@context\":\"https:\\\/\\\/schema.org\",\"@graph\":[{\"@type\":\"WebPage\",\"@id\":\"https:\\\/\\\/villachandra.com\\\/mentions-legales\\\/\",\"url\":\"https:\\\/\\\/villachandra.com\\\/mentions-legales\\\/\",\"name\":\"Mentions l\u00e9gales | Villa Chandra\",\"isPartOf\":{\"@id\":\"https:\\\/\\\/villachandra.com\\\/#website\"},\"datePublished\":\"2021-04-13T11:23:36+00:00\",\"dateModified\":\"2022-01-24T16:15:50+00:00\",\"description\":\"Mentions l\u00e9gales VIlla Chandra - Direction de publication : Philippe Bonan R\u00e9alisation : Agence la nageuse - Site Web est : villachandra.com\",\"breadcrumb\":{\"@id\":\"https:\\\/\\\/villachandra.com\\\/mentions-legales\\\/#breadcrumb\"},\"inLanguage\":\"en-GB\",\"potentialAction\":[{\"@type\":\"ReadAction\",\"target\":[\"https:\\\/\\\/villachandra.com\\\/mentions-legales\\\/\"]}]},{\"@type\":\"BreadcrumbList\",\"@id\":\"https:\\\/\\\/villachandra.com\\\/mentions-legales\\\/#breadcrumb\",\"itemListElement\":[{\"@type\":\"ListItem\",\"position\":1,\"name\":\"Accueil\",\"item\":\"https:\\\/\\\/villachandra.com\\\/\"},{\"@type\":\"ListItem\",\"position\":2,\"name\":\"Mentions l\u00e9gales\"}]},{\"@type\":\"WebSite\",\"@id\":\"https:\\\/\\\/villachandra.com\\\/#website\",\"url\":\"https:\\\/\\\/villachandra.com\\\/\",\"name\":\"Villa Chandra\",\"description\":\"Villa \u00e0 louer avec piscine \u00e0 Biot, Antibes - C\u00f4te d&#039;Azur\",\"publisher\":{\"@id\":\"https:\\\/\\\/villachandra.com\\\/#organization\"},\"potentialAction\":[{\"@type\":\"SearchAction\",\"target\":{\"@type\":\"EntryPoint\",\"urlTemplate\":\"https:\\\/\\\/villachandra.com\\\/?s={search_term_string}\"},\"query-input\":{\"@type\":\"PropertyValueSpecification\",\"valueRequired\":true,\"valueName\":\"search_term_string\"}}],\"inLanguage\":\"en-GB\"},{\"@type\":\"Organization\",\"@id\":\"https:\\\/\\\/villachandra.com\\\/#organization\",\"name\":\"Villa Chandra\",\"url\":\"https:\\\/\\\/villachandra.com\\\/\",\"logo\":{\"@type\":\"ImageObject\",\"inLanguage\":\"en-GB\",\"@id\":\"https:\\\/\\\/villachandra.com\\\/#\\\/schema\\\/logo\\\/image\\\/\",\"url\":\"https:\\\/\\\/villachandra.com\\\/wp-content\\\/uploads\\\/2021\\\/12\\\/logo-villa-chandra-nb-e1640061586228.jpeg\",\"contentUrl\":\"https:\\\/\\\/villachandra.com\\\/wp-content\\\/uploads\\\/2021\\\/12\\\/logo-villa-chandra-nb-e1640061586228.jpeg\",\"width\":250,\"height\":108,\"caption\":\"Villa Chandra\"},\"image\":{\"@id\":\"https:\\\/\\\/villachandra.com\\\/#\\\/schema\\\/logo\\\/image\\\/\"}}]}<\/script>\n<!-- \/ Yoast SEO plugin. -->","yoast_head_json":{"title":"Mentions l\u00e9gales | Villa Chandra","description":"Mentions l\u00e9gales VIlla Chandra - Direction de publication : Philippe Bonan R\u00e9alisation : Agence la nageuse - Site Web est : villachandra.com","robots":{"index":"index","follow":"follow","max-snippet":"max-snippet:-1","max-image-preview":"max-image-preview:large","max-video-preview":"max-video-preview:-1"},"canonical":"https:\/\/villachandra.com\/en\/mentions-legales\/","og_locale":"en_GB","og_type":"article","og_title":"Mentions l\u00e9gales | Villa Chandra","og_description":"Mentions l\u00e9gales VIlla Chandra - Direction de publication : Philippe Bonan R\u00e9alisation : Agence la nageuse - Site Web est : villachandra.com","og_url":"https:\/\/villachandra.com\/en\/mentions-legales\/","og_site_name":"Villa Chandra","article_modified_time":"2022-01-24T16:15:50+00:00","twitter_card":"summary_large_image","twitter_misc":{"Estimated reading time":"4 minutes"},"schema":{"@context":"https:\/\/schema.org","@graph":[{"@type":"WebPage","@id":"https:\/\/villachandra.com\/mentions-legales\/","url":"https:\/\/villachandra.com\/mentions-legales\/","name":"Mentions l\u00e9gales | Villa Chandra","isPartOf":{"@id":"https:\/\/villachandra.com\/#website"},"datePublished":"2021-04-13T11:23:36+00:00","dateModified":"2022-01-24T16:15:50+00:00","description":"Mentions l\u00e9gales VIlla Chandra - Direction de publication : Philippe Bonan R\u00e9alisation : Agence la nageuse - Site Web est : villachandra.com","breadcrumb":{"@id":"https:\/\/villachandra.com\/mentions-legales\/#breadcrumb"},"inLanguage":"en-GB","potentialAction":[{"@type":"ReadAction","target":["https:\/\/villachandra.com\/mentions-legales\/"]}]},{"@type":"BreadcrumbList","@id":"https:\/\/villachandra.com\/mentions-legales\/#breadcrumb","itemListElement":[{"@type":"ListItem","position":1,"name":"Accueil","item":"https:\/\/villachandra.com\/"},{"@type":"ListItem","position":2,"name":"Mentions l\u00e9gales"}]},{"@type":"WebSite","@id":"https:\/\/villachandra.com\/#website","url":"https:\/\/villachandra.com\/","name":"Villa Chandra","description":"Villa \u00e0 louer avec piscine \u00e0 Biot, Antibes - C\u00f4te d&#039;Azur","publisher":{"@id":"https:\/\/villachandra.com\/#organization"},"potentialAction":[{"@type":"SearchAction","target":{"@type":"EntryPoint","urlTemplate":"https:\/\/villachandra.com\/?s={search_term_string}"},"query-input":{"@type":"PropertyValueSpecification","valueRequired":true,"valueName":"search_term_string"}}],"inLanguage":"en-GB"},{"@type":"Organization","@id":"https:\/\/villachandra.com\/#organization","name":"Villa Chandra","url":"https:\/\/villachandra.com\/","logo":{"@type":"ImageObject","inLanguage":"en-GB","@id":"https:\/\/villachandra.com\/#\/schema\/logo\/image\/","url":"https:\/\/villachandra.com\/wp-content\/uploads\/2021\/12\/logo-villa-chandra-nb-e1640061586228.jpeg","contentUrl":"https:\/\/villachandra.com\/wp-content\/uploads\/2021\/12\/logo-villa-chandra-nb-e1640061586228.jpeg","width":250,"height":108,"caption":"Villa Chandra"},"image":{"@id":"https:\/\/villachandra.com\/#\/schema\/logo\/image\/"}}]}},"_links":{"self":[{"href":"https:\/\/villachandra.com\/en\/wp-json\/wp\/v2\/pages\/903","targetHints":{"allow":["GET"]}}],"collection":[{"href":"https:\/\/villachandra.com\/en\/wp-json\/wp\/v2\/pages"}],"about":[{"href":"https:\/\/villachandra.com\/en\/wp-json\/wp\/v2\/types\/page"}],"author":[{"embeddable":true,"href":"https:\/\/villachandra.com\/en\/wp-json\/wp\/v2\/users\/6"}],"replies":[{"embeddable":true,"href":"https:\/\/villachandra.com\/en\/wp-json\/wp\/v2\/comments?post=903"}],"version-history":[{"count":6,"href":"https:\/\/villachandra.com\/en\/wp-json\/wp\/v2\/pages\/903\/revisions"}],"predecessor-version":[{"id":1585,"href":"https:\/\/villachandra.com\/en\/wp-json\/wp\/v2\/pages\/903\/revisions\/1585"}],"wp:attachment":[{"href":"https:\/\/villachandra.com\/en\/wp-json\/wp\/v2\/media?parent=903"}],"curies":[{"name":"wp","href":"https:\/\/api.w.org\/{rel}","templated":true}]}}